{"id":2962,"date":"2023-05-23T17:00:23","date_gmt":"2023-05-23T15:00:23","guid":{"rendered":"https:\/\/www.bastadcamping.se\/morris-tourist-train\/"},"modified":"2026-02-23T10:16:02","modified_gmt":"2026-02-23T09:16:02","slug":"morris-tourist-train","status":"publish","type":"page","link":"https:\/\/www.bastadcamping.se\/en\/morris-tourist-train\/","title":{"rendered":"Morris tourist train"},"content":{"rendered":"<p>[et_pb_section fb_built=&#8221;1&#8243; module_id=&#8221;allacarte&#8221; _builder_version=&#8221;4.21.0&#8243; _module_preset=&#8221;default&#8221; background_color=&#8221;RGBA(255,255,255,0)&#8221; background_image=&#8221;https:\/\/www.bastadcamping.se\/wp-content\/uploads\/2023\/05\/image.jpg&#8221; min_height=&#8221;60vh&#8221; custom_margin=&#8221;||||false|false&#8221; custom_margin_tablet=&#8221;-100px||||false|false&#8221; custom_margin_phone=&#8221;-100px||||false|false&#8221; custom_margin_last_edited=&#8221;on|phone&#8221; border_color_right=&#8221;#FFFFFF&#8221; border_color_left=&#8221;#FFFFFF&#8221; locked=&#8221;off&#8221; global_colors_info=&#8221;{}&#8221;][\/et_pb_section][et_pb_section fb_built=&#8221;1&#8243; module_id=&#8221;allacarte&#8221; _builder_version=&#8221;4.21.0&#8243; _module_preset=&#8221;default&#8221; background_color=&#8221;RGBA(255,255,255,0)&#8221; background_enable_image=&#8221;off&#8221; background_size=&#8221;custom&#8221; background_image_width=&#8221;60%&#8221; background_image_height=&#8221;0%&#8221; background_position=&#8221;top_center&#8221; background_vertical_offset=&#8221;20%&#8221; custom_margin=&#8221;||||false|false&#8221; custom_padding=&#8221;0px||10vh||false|false&#8221; border_color_right=&#8221;#FFFFFF&#8221; border_color_left=&#8221;#FFFFFF&#8221; locked=&#8221;off&#8221; global_colors_info=&#8221;{}&#8221;][et_pb_row custom_padding_last_edited=&#8221;on|desktop&#8221; _builder_version=&#8221;4.21.0&#8243; _module_preset=&#8221;default&#8221; background_color=&#8221;#FFFFFF&#8221; width_tablet=&#8221;&#8221; width_phone=&#8221;90%&#8221; width_last_edited=&#8221;on|phone&#8221; max_width=&#8221;1400px&#8221; custom_margin=&#8221;-10vh||||false|false&#8221; custom_margin_tablet=&#8221;-10vh||||false|false&#8221; custom_margin_phone=&#8221;0vh||||false|false&#8221; custom_margin_last_edited=&#8221;on|phone&#8221; custom_padding=&#8221;5vh|3vw|5vh|3vw|true|true&#8221; custom_padding_tablet=&#8221;3vh|4vw|3vh|4vw|false|true&#8221; custom_padding_phone=&#8221;3vh|0vw||0vw|false|true&#8221; locked=&#8221;off&#8221; global_colors_info=&#8221;{}&#8221;][et_pb_column type=&#8221;4_4&#8243; _builder_version=&#8221;4.18.0&#8243; _module_preset=&#8221;default&#8221; global_colors_info=&#8221;{}&#8221;][et_pb_text _builder_version=&#8221;4.21.0&#8243; _module_preset=&#8221;default&#8221; header_2_font=&#8221;Merriweather|900|||||||&#8221; header_2_text_align=&#8221;center&#8221; header_2_text_color=&#8221;#003462&#8243; header_2_font_size=&#8221;3vw&#8221; header_2_line_height=&#8221;1.3em&#8221; width=&#8221;80%&#8221; width_tablet=&#8221;80%&#8221; width_phone=&#8221;90%&#8221; width_last_edited=&#8221;on|desktop&#8221; module_alignment=&#8221;center&#8221; header_2_font_size_tablet=&#8221;40px&#8221; header_2_font_size_phone=&#8221;40px&#8221; header_2_font_size_last_edited=&#8221;on|desktop&#8221; locked=&#8221;off&#8221; global_colors_info=&#8221;{}&#8221;]<\/p>\n<h2>Morris tourist train<\/h2>\n<p>[\/et_pb_text][et_pb_text _builder_version=&#8221;4.21.0&#8243; _module_preset=&#8221;default&#8221; text_font=&#8221;Source Sans Pro||||||||&#8221; text_text_color=&#8221;#000000&#8243; text_font_size=&#8221;18px&#8221; text_line_height=&#8221;1.6em&#8221; header_3_text_color=&#8221;#000000&#8243; header_3_line_height=&#8221;1.6em&#8221; text_orientation=&#8221;center&#8221; width=&#8221;80%&#8221; width_tablet=&#8221;80%&#8221; width_phone=&#8221;90%&#8221; width_last_edited=&#8221;on|phone&#8221; module_alignment=&#8221;center&#8221; custom_margin=&#8221;30px||30px||true|false&#8221; global_colors_info=&#8221;{}&#8221;]<\/p>\n<h3>The tourist train Morris runs between <em>B\u00e5stad Camping<\/em> &#8211; <em>Skummesl\u00f6vsbadet<\/em> and between<br \/><em>B\u00e5stad Camping<\/em> &#8211; <em>B\u00e5stad Hamn<\/em> every day throughout the high summer. The perfect means of transport for the whole family!<\/h3>\n<h3><span>Whether you take the Morristrain to admire the view or to get from one place to another, you&#8217;re sure to have an enjoyable experience. The train is a beloved symbol of B\u00e5stad&#8217;s tourism industry and a popular attraction among locals and visitors alike. Payment is made on the train and we only accept card payments.<\/span><\/h3>\n<p>[\/et_pb_text][\/et_pb_column][\/et_pb_row][et_pb_row _builder_version=&#8221;4.21.0&#8243; _module_preset=&#8221;default&#8221; custom_padding=&#8221;||11px|||&#8221; global_colors_info=&#8221;{}&#8221;][et_pb_column type=&#8221;4_4&#8243; _builder_version=&#8221;4.21.0&#8243; _module_preset=&#8221;default&#8221; global_colors_info=&#8221;{}&#8221;][et_pb_text _builder_version=&#8221;4.21.0&#8243; _module_preset=&#8221;default&#8221; header_font_size=&#8221;25px&#8221; header_2_font=&#8221;Merriweather|900|||||||&#8221; header_2_text_align=&#8221;center&#8221; header_2_text_color=&#8221;#003462&#8243; header_2_font_size=&#8221;30px&#8221; header_2_line_height=&#8221;1.6em&#8221; width=&#8221;80%&#8221; width_tablet=&#8221;80%&#8221; width_phone=&#8221;90%&#8221; width_last_edited=&#8221;on|desktop&#8221; module_alignment=&#8221;center&#8221; custom_margin=&#8221;||16px|||&#8221; header_2_font_size_tablet=&#8221;30px&#8221; header_2_font_size_phone=&#8221;30px&#8221; header_2_font_size_last_edited=&#8221;on|desktop&#8221; locked=&#8221;off&#8221; global_colors_info=&#8221;{}&#8221;]<\/p>\n<h2>Timetable 2025<\/h2>\n<h2><span style=\"font-size: large;\">The Morris train is ready for the 2025 season!<\/span><\/h2>\n<p>[\/et_pb_text][\/et_pb_column][\/et_pb_row][et_pb_row column_structure=&#8221;1_2,1_2&#8243; _builder_version=&#8221;4.21.0&#8243; _module_preset=&#8221;default&#8221; max_width=&#8221;1200px&#8221; custom_margin=&#8221;||2vh||false|false&#8221; custom_padding=&#8221;3vh||2.5vh||false|false&#8221; border_width_top=&#8221;1px&#8221; border_color_top=&#8221;#AFCBE6&#8243; border_width_bottom=&#8221;1px&#8221; border_color_bottom=&#8221;#AFCBE6&#8243; global_colors_info=&#8221;{}&#8221;][et_pb_column type=&#8221;1_2&#8243; _builder_version=&#8221;4.21.0&#8243; _module_preset=&#8221;default&#8221; global_colors_info=&#8221;{}&#8221;][et_pb_text _builder_version=&#8221;4.21.0&#8243; _module_preset=&#8221;default&#8221; text_text_color=&#8221;#003462&#8243; text_font_size=&#8221;16px&#8221; text_line_height=&#8221;1.4em&#8221; header_3_text_color=&#8221;#003462&#8243; header_3_line_height=&#8221;1.4em&#8221; inline_fonts=&#8221;Merriweather&#8221; global_colors_info=&#8221;{}&#8221;]<\/p>\n<h3><strong><span style=\"font-family: Merriweather;\">B\u00e5stad Camping &#8211; Malen &#8211; Port of B\u00e5stad<\/span><\/strong><\/h3>\n<h4><\/h4>\n<table border=\"1\" cellpadding=\"1\" cellspacing=\"1\" style=\"border-color: #afcbe6; border-style: solid; width: 456px;\">\n<tbody>\n<tr>\n<td style=\"width: 153px;\"><strong>Departure B\u00e5stad Camping<\/strong><\/td>\n<td style=\"width: 157px;\"><strong>Arrival\/Departure Malen<\/strong><\/td>\n<td style=\"width: 146px;\"><strong>Arrival B\u00e5stad Port<\/strong><\/td>\n<\/tr>\n<tr>\n<td style=\"width: 153px;\">11:30<\/td>\n<td style=\"width: 157px;\">11:50<\/td>\n<td style=\"width: 146px;\">12:00<\/td>\n<\/tr>\n<tr>\n<td style=\"width: 153px;\">13:30<\/td>\n<td style=\"width: 157px;\">13:50<\/td>\n<td style=\"width: 146px;\">14:00<\/td>\n<\/tr>\n<tr>\n<td style=\"width: 153px;\">15:45<\/td>\n<td style=\"width: 157px;\">16:05<\/td>\n<td style=\"width: 146px;\">16:15<\/td>\n<\/tr>\n<tr>\n<td style=\"width: 153px;\">18:30<\/td>\n<td style=\"width: 157px;\">18:50<\/td>\n<td style=\"width: 146px;\">19:00<\/td>\n<\/tr>\n<\/tbody>\n<\/table>\n<p>[\/et_pb_text][et_pb_text _builder_version=&#8221;4.21.0&#8243; _module_preset=&#8221;default&#8221; text_text_color=&#8221;#003462&#8243; text_font_size=&#8221;16px&#8221; text_line_height=&#8221;1.4em&#8221; header_3_text_color=&#8221;#003462&#8243; header_3_line_height=&#8221;1.4em&#8221; custom_padding=&#8221;|165px||||&#8221; global_colors_info=&#8221;{}&#8221;]<\/p>\n<table border=\"1\" cellpadding=\"1\" cellspacing=\"1\" style=\"border-color: #afcbe6; border-style: solid; width: 469px;\">\n<tbody>\n<tr>\n<td style=\"width: 141px;\"><strong>Departure B\u00e5stad Port<\/strong><\/td>\n<td style=\"width: 158px;\"><strong>Arrival\/Departure Malen<\/strong><\/td>\n<td style=\"width: 170px;\"><strong>Arrival B\u00e5stad Camping<\/strong><\/td>\n<\/tr>\n<tr>\n<td style=\"width: 141px;\">12:05<\/td>\n<td style=\"width: 158px;\">12:15<\/td>\n<td style=\"width: 170px;\">12:35<\/td>\n<\/tr>\n<tr>\n<td style=\"width: 141px;\">14:05<\/td>\n<td style=\"width: 158px;\">14:15<\/td>\n<td style=\"width: 170px;\">14:35<\/td>\n<\/tr>\n<tr>\n<td style=\"width: 141px;\">16:20<\/td>\n<td style=\"width: 158px;\">16:30<\/td>\n<td style=\"width: 170px;\">16:50<\/td>\n<\/tr>\n<tr>\n<td style=\"width: 141px;\">19:05<\/td>\n<td style=\"width: 158px;\">19:15<\/td>\n<td style=\"width: 170px;\">19:35<\/td>\n<\/tr>\n<\/tbody>\n<\/table>\n<p>[\/et_pb_text][et_pb_text _builder_version=&#8221;4.21.0&#8243; _module_preset=&#8221;default&#8221; text_text_color=&#8221;#003462&#8243; text_font_size=&#8221;16px&#8221; text_line_height=&#8221;1.4em&#8221; header_font=&#8221;Merriweather||||||||&#8221; header_3_text_color=&#8221;#003462&#8243; header_3_line_height=&#8221;1.4em&#8221; width=&#8221;87.5%&#8221; custom_padding=&#8221;|0px||||&#8221; inline_fonts=&#8221;Merriweather&#8221; global_colors_info=&#8221;{}&#8221;]<\/p>\n<h3><span style=\"font-family: Merriweather;\"><strong>Price list<\/strong><\/span><\/h3>\n<table border=\"1\" cellpadding=\"1\" cellspacing=\"1\" style=\"border-color: #afcbe6; border-style: solid;\">\n<tbody>\n<tr>\n<td style=\"width: 224.390625px;\"><strong>Age<\/strong><\/td>\n<td style=\"width: 220.625px;\"><strong>Price<\/strong><\/td>\n<\/tr>\n<tr>\n<td style=\"width: 224.390625px;\">0 &#8211; 3 years<\/td>\n<td style=\"width: 220.625px;\">Free of charge<\/td>\n<\/tr>\n<tr>\n<td style=\"width: 224.390625px;\">3 &#8211; 15 years<\/td>\n<td style=\"width: 220.625px;\">25 kr (50 kr t\/r)<\/td>\n<\/tr>\n<tr>\n<td style=\"width: 224.390625px;\">From 16 years old<\/td>\n<td style=\"width: 220.625px;\">50 kr (75 kr t\/r)<\/td>\n<\/tr>\n<\/tbody>\n<\/table>\n<p>&nbsp;<\/p>\n<p>[\/et_pb_text][\/et_pb_column][et_pb_column type=&#8221;1_2&#8243; _builder_version=&#8221;4.21.0&#8243; _module_preset=&#8221;default&#8221; global_colors_info=&#8221;{}&#8221;][et_pb_text _builder_version=&#8221;4.21.0&#8243; _module_preset=&#8221;default&#8221; text_text_color=&#8221;#003462&#8243; text_font_size=&#8221;16px&#8221; text_line_height=&#8221;1.4em&#8221; header_3_text_color=&#8221;#003462&#8243; header_3_line_height=&#8221;1.4em&#8221; inline_fonts=&#8221;Merriweather&#8221; global_colors_info=&#8221;{}&#8221;]<\/p>\n<h3><strong><span style=\"font-family: Merriweather;\">B\u00e5stad Camping &#8211; Skummesl\u00f6vsbadet<\/span><\/strong><\/h3>\n<p>&nbsp;<\/p>\n<table border=\"1\" cellpadding=\"1\" cellspacing=\"1\" style=\"border-color: #afcbe6; border-style: solid;\">\n<tbody>\n<tr>\n<td style=\"width: 198.375px;\"><strong>Departure B\u00e5stad Camping<\/strong><\/td>\n<td style=\"width: 238.4375px;\"><strong>Arrival Skummesl\u00f6vsbadet<\/strong><\/td>\n<\/tr>\n<tr>\n<td style=\"width: 198.375px;\">10:40<\/td>\n<td style=\"width: 238.4375px;\">10:55<\/td>\n<\/tr>\n<tr>\n<td style=\"width: 198.375px;\">12:40<\/td>\n<td style=\"width: 238.4375px;\">12:55<\/td>\n<\/tr>\n<tr>\n<td style=\"width: 198.375px;\">15:00<\/td>\n<td style=\"width: 238.4375px;\">15:15<\/td>\n<\/tr>\n<tr>\n<td style=\"width: 198.375px;\">17:10<\/td>\n<td style=\"width: 238.4375px;\">17:25<\/td>\n<\/tr>\n<\/tbody>\n<\/table>\n<p>[\/et_pb_text][et_pb_text _builder_version=&#8221;4.21.0&#8243; _module_preset=&#8221;default&#8221; text_text_color=&#8221;#003462&#8243; text_font_size=&#8221;16px&#8221; text_line_height=&#8221;1.4em&#8221; header_3_text_color=&#8221;#003462&#8243; header_3_line_height=&#8221;1.4em&#8221; global_colors_info=&#8221;{}&#8221;]<\/p>\n<table border=\"1\" cellpadding=\"1\" cellspacing=\"1\" style=\"border-color: #afcbe6; border-style: solid;\">\n<tbody>\n<tr>\n<td style=\"width: 224.390625px;\"><strong>Departure Skummesl\u00f6vsbadet<\/strong><\/td>\n<td style=\"width: 220.625px;\"><strong>Arrival B\u00e5stad Camping<\/strong><\/td>\n<\/tr>\n<tr>\n<td style=\"width: 224.390625px;\">11:00<\/td>\n<td style=\"width: 220.625px;\">11:15<\/td>\n<\/tr>\n<tr>\n<td style=\"width: 224.390625px;\">13:00<\/td>\n<td style=\"width: 220.625px;\">13:15<\/td>\n<\/tr>\n<tr>\n<td style=\"width: 224.390625px;\">15:20<\/td>\n<td style=\"width: 220.625px;\">15:35<\/td>\n<\/tr>\n<tr>\n<td style=\"width: 224.390625px;\">17:30<\/td>\n<td style=\"width: 220.625px;\">17:45<\/td>\n<\/tr>\n<\/tbody>\n<\/table>\n<p>[\/et_pb_text][et_pb_text _builder_version=&#8221;4.21.0&#8243; _module_preset=&#8221;default&#8221; text_text_color=&#8221;#003462&#8243; text_font_size=&#8221;16px&#8221; text_line_height=&#8221;1.4em&#8221; header_font=&#8221;Merriweather||||||||&#8221; header_3_text_color=&#8221;#003462&#8243; header_3_line_height=&#8221;1.4em&#8221; width=&#8221;87.5%&#8221; custom_padding=&#8221;|0px||||&#8221; inline_fonts=&#8221;Merriweather&#8221; global_colors_info=&#8221;{}&#8221;]<\/p>\n<h3><span style=\"font-family: Merriweather; font-weight: normal;\"><strong>Price list<\/strong><\/span><\/h3>\n<table border=\"1\" cellpadding=\"1\" cellspacing=\"1\" style=\"border-color: #afcbe6; border-style: solid;\">\n<tbody>\n<tr>\n<td style=\"width: 224.390625px;\"><strong>Age<\/strong><\/td>\n<td style=\"width: 220.625px;\"><strong>Price<\/strong><\/td>\n<\/tr>\n<tr>\n<td style=\"width: 224.390625px;\">0 &#8211; 3 years<\/td>\n<td style=\"width: 220.625px;\">Free of charge<\/td>\n<\/tr>\n<tr>\n<td style=\"width: 224.390625px;\">3 &#8211; 15 years<\/td>\n<td style=\"width: 220.625px;\">20 kr (40 kr t\/r)<\/td>\n<\/tr>\n<tr>\n<td style=\"width: 224.390625px;\">From 16 years old<\/td>\n<td style=\"width: 220.625px;\">30 kr (60 kr t\/r)<\/td>\n<\/tr>\n<\/tbody>\n<\/table>\n<p>&nbsp;<\/p>\n<p>[\/et_pb_text][\/et_pb_column][\/et_pb_row][et_pb_row _builder_version=&#8221;4.21.0&#8243; _module_preset=&#8221;default&#8221; global_colors_info=&#8221;{}&#8221;][et_pb_column type=&#8221;4_4&#8243; _builder_version=&#8221;4.21.0&#8243; _module_preset=&#8221;default&#8221; global_colors_info=&#8221;{}&#8221;][et_pb_text _builder_version=&#8221;4.21.0&#8243; _module_preset=&#8221;default&#8221; header_font_size=&#8221;25px&#8221; header_2_font=&#8221;Merriweather|900|||||||&#8221; header_2_text_align=&#8221;center&#8221; header_2_text_color=&#8221;#003462&#8243; header_2_font_size=&#8221;30px&#8221; header_2_line_height=&#8221;1.6em&#8221; width=&#8221;80%&#8221; width_tablet=&#8221;80%&#8221; width_phone=&#8221;90%&#8221; width_last_edited=&#8221;on|desktop&#8221; module_alignment=&#8221;center&#8221; header_2_font_size_tablet=&#8221;30px&#8221; header_2_font_size_phone=&#8221;30px&#8221; header_2_font_size_last_edited=&#8221;on|desktop&#8221; locked=&#8221;off&#8221; global_colors_info=&#8221;{}&#8221;]<\/p>\n<h2>Meeting place<\/h2>\n<p>[\/et_pb_text][et_pb_blurb title=&#8221;B\u00e5stad Camping\/Norra V\u00e4gen 128&#8243; url=&#8221;https:\/\/www.google.com\/maps\/place\/B\u00e5stad+Camping\/@56.438858,12.9154537,17z\/data=!3m1!4b1!4m9!3m8!1s0x46519cd75d742c25:0x33c890bb0a5e9b3a!5m2!4m1!1i2!8m2!3d56.438858!4d12.918034!16s%2Fg%2F1td0rh7w&#8221; url_new_window=&#8221;on&#8221; use_icon=&#8221;on&#8221; font_icon=&#8221;&#xe081;||divi||400&#8243; icon_color=&#8221;#003462&#8243; image_icon_width=&#8221;70px&#8221; _builder_version=&#8221;4.21.0&#8243; _module_preset=&#8221;default&#8221; header_text_align=&#8221;center&#8221; header_font_size=&#8221;20px&#8221; link_option_url=&#8221;https:\/\/www.google.com\/maps\/place\/B\u00e5stad+Camping\/@56.438858,12.9154537,17z\/data=!3m1!4b1!4m9!3m8!1s0x46519cd75d742c25:0x33c890bb0a5e9b3a!5m2!4m1!1i2!8m2!3d56.438858!4d12.918034!16s%2Fg%2F1td0rh7w&#8221; link_option_url_new_window=&#8221;on&#8221; global_colors_info=&#8221;{}&#8221;][\/et_pb_blurb][\/et_pb_column][\/et_pb_row][\/et_pb_section]<\/p>\n","protected":false},"excerpt":{"rendered":"<p>Morris tourist trainThe tourist train Morris runs between B\u00e5stad Camping &#8211; Skummesl\u00f6vsbadet and betweenB\u00e5stad Camping &#8211; B\u00e5stad Hamn every day throughout the high summer. The perfect means of transport for [&hellip;]<\/p>\n","protected":false},"author":1,"featured_media":0,"parent":0,"menu_order":0,"comment_status":"closed","ping_status":"closed","template":"","meta":{"_et_pb_use_builder":"on","_et_pb_old_content":"","_et_gb_content_width":"","footnotes":""},"class_list":["post-2962","page","type-page","status-publish","hentry"],"yoast_head":"<!-- This site is optimized with the Yoast SEO plugin v27.6 - https:\/\/yoast.com\/product\/yoast-seo-wordpress\/ -->\n<title>Morris tourist train - B\u00e5stad Camping<\/title>\n<meta name=\"robots\" content=\"index, follow, max-snippet:-1, max-image-preview:large, max-video-preview:-1\" \/>\n<link rel=\"canonical\" href=\"https:\/\/www.bastadcamping.se\/en\/morris-tourist-train\/\" \/>\n<meta property=\"og:locale\" content=\"en_US\" \/>\n<meta property=\"og:type\" content=\"article\" \/>\n<meta property=\"og:title\" content=\"Morris tourist train - B\u00e5stad Camping\" \/>\n<meta property=\"og:description\" content=\"Morris tourist trainThe tourist train Morris runs between B\u00e5stad Camping - Skummesl\u00f6vsbadet and betweenB\u00e5stad Camping - B\u00e5stad Hamn every day throughout the high summer. The perfect means of transport for [&hellip;]\" \/>\n<meta property=\"og:url\" content=\"https:\/\/www.bastadcamping.se\/en\/morris-tourist-train\/\" \/>\n<meta property=\"og:site_name\" content=\"B\u00e5stad Camping\" \/>\n<meta property=\"article:publisher\" content=\"https:\/\/www.facebook.com\/BastadCamping\" \/>\n<meta property=\"article:modified_time\" content=\"2026-02-23T09:16:02+00:00\" \/>\n<meta name=\"twitter:card\" content=\"summary_large_image\" \/>\n<meta name=\"twitter:label1\" content=\"Est. reading time\" \/>\n\t<meta name=\"twitter:data1\" content=\"6 minutes\" \/>\n<script type=\"application\/ld+json\" class=\"yoast-schema-graph\">{\"@context\":\"https:\\\/\\\/schema.org\",\"@graph\":[{\"@type\":\"WebPage\",\"@id\":\"https:\\\/\\\/www.bastadcamping.se\\\/en\\\/morris-tourist-train\\\/\",\"url\":\"https:\\\/\\\/www.bastadcamping.se\\\/en\\\/morris-tourist-train\\\/\",\"name\":\"Morris tourist train - B\u00e5stad Camping\",\"isPartOf\":{\"@id\":\"https:\\\/\\\/www.bastadcamping.se\\\/en\\\/#website\"},\"datePublished\":\"2023-05-23T15:00:23+00:00\",\"dateModified\":\"2026-02-23T09:16:02+00:00\",\"breadcrumb\":{\"@id\":\"https:\\\/\\\/www.bastadcamping.se\\\/en\\\/morris-tourist-train\\\/#breadcrumb\"},\"inLanguage\":\"en-US\",\"potentialAction\":[{\"@type\":\"ReadAction\",\"target\":[\"https:\\\/\\\/www.bastadcamping.se\\\/en\\\/morris-tourist-train\\\/\"]}]},{\"@type\":\"BreadcrumbList\",\"@id\":\"https:\\\/\\\/www.bastadcamping.se\\\/en\\\/morris-tourist-train\\\/#breadcrumb\",\"itemListElement\":[{\"@type\":\"ListItem\",\"position\":1,\"name\":\"Hem\",\"item\":\"https:\\\/\\\/www.bastadcamping.se\\\/en\\\/hem\\\/\"},{\"@type\":\"ListItem\",\"position\":2,\"name\":\"Morris tourist train\"}]},{\"@type\":\"WebSite\",\"@id\":\"https:\\\/\\\/www.bastadcamping.se\\\/en\\\/#website\",\"url\":\"https:\\\/\\\/www.bastadcamping.se\\\/en\\\/\",\"name\":\"B\u00e5stad Camping\",\"description\":\"\",\"publisher\":{\"@id\":\"https:\\\/\\\/www.bastadcamping.se\\\/en\\\/#organization\"},\"potentialAction\":[{\"@type\":\"SearchAction\",\"target\":{\"@type\":\"EntryPoint\",\"urlTemplate\":\"https:\\\/\\\/www.bastadcamping.se\\\/en\\\/?s={search_term_string}\"},\"query-input\":{\"@type\":\"PropertyValueSpecification\",\"valueRequired\":true,\"valueName\":\"search_term_string\"}}],\"inLanguage\":\"en-US\"},{\"@type\":\"Organization\",\"@id\":\"https:\\\/\\\/www.bastadcamping.se\\\/en\\\/#organization\",\"name\":\"B\u00e5stad Camping\",\"url\":\"https:\\\/\\\/www.bastadcamping.se\\\/en\\\/\",\"logo\":{\"@type\":\"ImageObject\",\"inLanguage\":\"en-US\",\"@id\":\"https:\\\/\\\/www.bastadcamping.se\\\/en\\\/#\\\/schema\\\/logo\\\/image\\\/\",\"url\":\"https:\\\/\\\/www.bastadcamping.se\\\/wp-content\\\/uploads\\\/2023\\\/05\\\/cropped-Bastad-camping-symbol.jpg\",\"contentUrl\":\"https:\\\/\\\/www.bastadcamping.se\\\/wp-content\\\/uploads\\\/2023\\\/05\\\/cropped-Bastad-camping-symbol.jpg\",\"width\":512,\"height\":512,\"caption\":\"B\u00e5stad Camping\"},\"image\":{\"@id\":\"https:\\\/\\\/www.bastadcamping.se\\\/en\\\/#\\\/schema\\\/logo\\\/image\\\/\"},\"sameAs\":[\"https:\\\/\\\/www.facebook.com\\\/BastadCamping\",\"https:\\\/\\\/www.instagram.com\\\/bastadcamping\\\/\"]}]}<\/script>\n<!-- \/ Yoast SEO plugin. -->","yoast_head_json":{"title":"Morris tourist train - B\u00e5stad Camping","robots":{"index":"index","follow":"follow","max-snippet":"max-snippet:-1","max-image-preview":"max-image-preview:large","max-video-preview":"max-video-preview:-1"},"canonical":"https:\/\/www.bastadcamping.se\/en\/morris-tourist-train\/","og_locale":"en_US","og_type":"article","og_title":"Morris tourist train - B\u00e5stad Camping","og_description":"Morris tourist trainThe tourist train Morris runs between B\u00e5stad Camping - Skummesl\u00f6vsbadet and betweenB\u00e5stad Camping - B\u00e5stad Hamn every day throughout the high summer. The perfect means of transport for [&hellip;]","og_url":"https:\/\/www.bastadcamping.se\/en\/morris-tourist-train\/","og_site_name":"B\u00e5stad Camping","article_publisher":"https:\/\/www.facebook.com\/BastadCamping","article_modified_time":"2026-02-23T09:16:02+00:00","twitter_card":"summary_large_image","twitter_misc":{"Est. reading time":"6 minutes"},"schema":{"@context":"https:\/\/schema.org","@graph":[{"@type":"WebPage","@id":"https:\/\/www.bastadcamping.se\/en\/morris-tourist-train\/","url":"https:\/\/www.bastadcamping.se\/en\/morris-tourist-train\/","name":"Morris tourist train - B\u00e5stad Camping","isPartOf":{"@id":"https:\/\/www.bastadcamping.se\/en\/#website"},"datePublished":"2023-05-23T15:00:23+00:00","dateModified":"2026-02-23T09:16:02+00:00","breadcrumb":{"@id":"https:\/\/www.bastadcamping.se\/en\/morris-tourist-train\/#breadcrumb"},"inLanguage":"en-US","potentialAction":[{"@type":"ReadAction","target":["https:\/\/www.bastadcamping.se\/en\/morris-tourist-train\/"]}]},{"@type":"BreadcrumbList","@id":"https:\/\/www.bastadcamping.se\/en\/morris-tourist-train\/#breadcrumb","itemListElement":[{"@type":"ListItem","position":1,"name":"Hem","item":"https:\/\/www.bastadcamping.se\/en\/hem\/"},{"@type":"ListItem","position":2,"name":"Morris tourist train"}]},{"@type":"WebSite","@id":"https:\/\/www.bastadcamping.se\/en\/#website","url":"https:\/\/www.bastadcamping.se\/en\/","name":"B\u00e5stad Camping","description":"","publisher":{"@id":"https:\/\/www.bastadcamping.se\/en\/#organization"},"potentialAction":[{"@type":"SearchAction","target":{"@type":"EntryPoint","urlTemplate":"https:\/\/www.bastadcamping.se\/en\/?s={search_term_string}"},"query-input":{"@type":"PropertyValueSpecification","valueRequired":true,"valueName":"search_term_string"}}],"inLanguage":"en-US"},{"@type":"Organization","@id":"https:\/\/www.bastadcamping.se\/en\/#organization","name":"B\u00e5stad Camping","url":"https:\/\/www.bastadcamping.se\/en\/","logo":{"@type":"ImageObject","inLanguage":"en-US","@id":"https:\/\/www.bastadcamping.se\/en\/#\/schema\/logo\/image\/","url":"https:\/\/www.bastadcamping.se\/wp-content\/uploads\/2023\/05\/cropped-Bastad-camping-symbol.jpg","contentUrl":"https:\/\/www.bastadcamping.se\/wp-content\/uploads\/2023\/05\/cropped-Bastad-camping-symbol.jpg","width":512,"height":512,"caption":"B\u00e5stad Camping"},"image":{"@id":"https:\/\/www.bastadcamping.se\/en\/#\/schema\/logo\/image\/"},"sameAs":["https:\/\/www.facebook.com\/BastadCamping","https:\/\/www.instagram.com\/bastadcamping\/"]}]}},"_links":{"self":[{"href":"https:\/\/www.bastadcamping.se\/en\/wp-json\/wp\/v2\/pages\/2962","targetHints":{"allow":["GET"]}}],"collection":[{"href":"https:\/\/www.bastadcamping.se\/en\/wp-json\/wp\/v2\/pages"}],"about":[{"href":"https:\/\/www.bastadcamping.se\/en\/wp-json\/wp\/v2\/types\/page"}],"author":[{"embeddable":true,"href":"https:\/\/www.bastadcamping.se\/en\/wp-json\/wp\/v2\/users\/1"}],"replies":[{"embeddable":true,"href":"https:\/\/www.bastadcamping.se\/en\/wp-json\/wp\/v2\/comments?post=2962"}],"version-history":[{"count":16,"href":"https:\/\/www.bastadcamping.se\/en\/wp-json\/wp\/v2\/pages\/2962\/revisions"}],"predecessor-version":[{"id":5163,"href":"https:\/\/www.bastadcamping.se\/en\/wp-json\/wp\/v2\/pages\/2962\/revisions\/5163"}],"wp:attachment":[{"href":"https:\/\/www.bastadcamping.se\/en\/wp-json\/wp\/v2\/media?parent=2962"}],"curies":[{"name":"wp","href":"https:\/\/api.w.org\/{rel}","templated":true}]}}