{"id":3025,"date":"2023-05-12T13:14:15","date_gmt":"2023-05-12T11:14:15","guid":{"rendered":"https:\/\/www.bastadcamping.se\/bedingungen\/"},"modified":"2026-02-23T10:17:47","modified_gmt":"2026-02-23T09:17:47","slug":"bedingungen","status":"publish","type":"page","link":"https:\/\/www.bastadcamping.se\/de\/bedingungen\/","title":{"rendered":"Bedingungen"},"content":{"rendered":"<p>[et_pb_section fb_built=&#8220;1&#8243; admin_label=&#8220;aktiviteter&#8220; _builder_version=&#8220;4.21.0&#8243; _module_preset=&#8220;default&#8220; background_color=&#8220;#afcbe6&#8243; custom_margin=&#8220;||||false|false&#8220; custom_margin_tablet=&#8220;-100px||||false|false&#8220; custom_margin_phone=&#8220;-100px||||false|false&#8220; custom_margin_last_edited=&#8220;on|phone&#8220; custom_padding=&#8220;9vh||9vh||true|false&#8220; locked=&#8220;off&#8220; global_colors_info=&#8220;{}&#8220;][et_pb_row use_custom_gutter=&#8220;on&#8220; gutter_width=&#8220;2&#8243; make_equal=&#8220;on&#8220; _builder_version=&#8220;4.21.0&#8243; _module_preset=&#8220;default&#8220; width_tablet=&#8220;80%&#8220; width_phone=&#8220;90%&#8220; width_last_edited=&#8220;on|desktop&#8220; max_width=&#8220;1400px&#8220; custom_margin=&#8220;||15px||false|false&#8220; custom_padding=&#8220;0px||||false|false&#8220; locked=&#8220;off&#8220; global_colors_info=&#8220;{}&#8220;][et_pb_column type=&#8220;4_4&#8243; _builder_version=&#8220;4.18.0&#8243; _module_preset=&#8220;default&#8220; global_colors_info=&#8220;{}&#8220;][et_pb_text _builder_version=&#8220;4.21.0&#8243; _module_preset=&#8220;default&#8220; header_2_font=&#8220;Merriweather|900|||||||&#8220; header_2_text_align=&#8220;center&#8220; header_2_text_color=&#8220;#003462&#8243; header_2_font_size=&#8220;3vw&#8220; header_2_line_height=&#8220;1.3em&#8220; header_2_font_size_tablet=&#8220;40px&#8220; header_2_font_size_phone=&#8220;40px&#8220; header_2_font_size_last_edited=&#8220;on|desktop&#8220; locked=&#8220;off&#8220; global_colors_info=&#8220;{}&#8220;]<\/p>\n<h2>Bedingungen<\/h2>\n<p>[\/et_pb_text][et_pb_text _builder_version=&#8220;4.21.0&#8243; _module_preset=&#8220;default&#8220; text_font=&#8220;Source Sans Pro||||||||&#8220; text_text_color=&#8220;#000000&#8243; text_font_size=&#8220;23px&#8220; text_line_height=&#8220;1.6em&#8220; header_3_font=&#8220;Source Sans Pro||||||||&#8220; header_3_text_color=&#8220;#000000&#8243; header_3_font_size=&#8220;23px&#8220; header_3_line_height=&#8220;1.6em&#8220; text_orientation=&#8220;center&#8220; width=&#8220;70%&#8220; module_alignment=&#8220;center&#8220; custom_margin=&#8220;30px||30px||true|false&#8220; locked=&#8220;off&#8220; global_colors_info=&#8220;{}&#8220;]<\/p>\n<h3>Das Leben ist voller unerwarteter Ereignisse, und manchmal muss man seinen Aufenthalt absagen. Sie k\u00f6nnen dies per Telefon und E-Mail tun. Die Buchung gilt als storniert, wenn Sie von uns eine Best\u00e4tigung der Stornierung erhalten.<\/h3>\n<p>[\/et_pb_text][\/et_pb_column][\/et_pb_row][et_pb_row column_structure=&#8220;1_2,1_2&#8243; custom_padding_last_edited=&#8220;on|desktop&#8220; _builder_version=&#8220;4.21.0&#8243; _module_preset=&#8220;default&#8220; background_color=&#8220;RGBA(255,255,255,0)&#8220; width_tablet=&#8220;&#8220; width_phone=&#8220;90%&#8220; width_last_edited=&#8220;on|desktop&#8220; max_width=&#8220;1400px&#8220; custom_margin=&#8220;||||false|false&#8220; custom_margin_tablet=&#8220;-10vh||||false|false&#8220; custom_margin_phone=&#8220;0vh||||false|false&#8220; custom_margin_last_edited=&#8220;on|phone&#8220; custom_padding_tablet=&#8220;&#8220; custom_padding_phone=&#8220;&#8220; locked=&#8220;off&#8220; global_colors_info=&#8220;{}&#8220;][et_pb_column type=&#8220;1_2&#8243; _builder_version=&#8220;4.18.0&#8243; _module_preset=&#8220;default&#8220; global_colors_info=&#8220;{}&#8220;][et_pb_text _builder_version=&#8220;4.21.0&#8243; _module_preset=&#8220;default&#8220; text_font=&#8220;Source Sans Pro||||||||&#8220; text_text_color=&#8220;#000000&#8243; text_font_size=&#8220;18px&#8220; text_line_height=&#8220;1.6em&#8220; header_text_align=&#8220;left&#8220; header_3_font=&#8220;Merriweather|900|||||||&#8220; header_3_text_color=&#8220;#003462&#8243; header_3_font_size=&#8220;30px&#8220; header_3_line_height=&#8220;1.3em&#8220; text_orientation=&#8220;center&#8220; module_alignment=&#8220;center&#8220; locked=&#8220;off&#8220; global_colors_info=&#8220;{}&#8220;]<\/p>\n<h3 style=\"text-align: left;\">Ohne K\u00fcndigungsschutz<\/h3>\n<p style=\"text-align: left;\">Bei einer Stornierung in den folgenden F\u00e4llen werden 0% des Mietpreises berechnet.<\/p>\n<ul>\n<li style=\"text-align: left;\">Tod, schwere Krankheit oder Unfall von Ihnen selbst, Ihrem Ehepartner, Partner, Ihren Eltern, Kindern, Geschwistern oder Mitreisenden.<\/li>\n<li style=\"text-align: left;\">Das Eintreten eines anderen schwerwiegenden Ereignisses, auf das Sie keinen Einfluss haben, wie z. B. ein Gro\u00dfbrand oder eine \u00dcberschwemmung in Ihrer Wohnung, die es unzumutbar machen, dass Sie Ihre Buchung einhalten. Damit die K\u00fcndigung g\u00fcltig ist, m\u00fcssen Sie Ihre Abwesenheit mit einer Bescheinigung z. B. der \u00f6rtlichen Beh\u00f6rden nachweisen k\u00f6nnen. Arzt, Beh\u00f6rde oder Versicherungsgesellschaft.<\/li>\n<\/ul>\n<p style=\"text-align: left;\">Damit die R\u00fccktrittsversicherung g\u00fcltig ist, m\u00fcssen Sie Ihre Abwesenheit mit einer Bescheinigung nachweisen k\u00f6nnen, z. B. von Arzt, Beh\u00f6rde oder Versicherungsgesellschaft. Wir m\u00fcssen die Bescheinigung so schnell wie m\u00f6glich erhalten. Eine \u00c4nderung einer bestehenden Buchung, die ein anderes Ankunftsdatum, ein anderes Abreisedatum oder eine andere Unterkunft beinhaltet, gilt als Stornierung und neue Buchung.<\/p>\n<p>[\/et_pb_text][\/et_pb_column][et_pb_column type=&#8220;1_2&#8243; _builder_version=&#8220;4.18.0&#8243; _module_preset=&#8220;default&#8220; global_colors_info=&#8220;{}&#8220;][et_pb_text _builder_version=&#8220;4.21.0&#8243; _module_preset=&#8220;default&#8220; text_font=&#8220;Source Sans Pro||||||||&#8220; text_text_color=&#8220;#000000&#8243; text_font_size=&#8220;18px&#8220; text_line_height=&#8220;1.6em&#8220; header_text_align=&#8220;left&#8220; header_3_font=&#8220;Merriweather|900|||||||&#8220; header_3_text_color=&#8220;#003462&#8243; header_3_font_size=&#8220;30px&#8220; header_3_line_height=&#8220;1.3em&#8220; text_orientation=&#8220;center&#8220; module_alignment=&#8220;center&#8220; locked=&#8220;off&#8220; global_colors_info=&#8220;{}&#8220;]<\/p>\n<h3 style=\"text-align: left;\">Mit Stornoschutz<\/h3>\n<ul>\n<li style=\"text-align: left;\"><strong>Sicher:<\/strong> Bei Stornierung bis sp\u00e4testens 2 Wochen vor dem Anreisedatum um 13.00 Uhr <br \/>werden 0% des Mietpreises berechnet. <span style=\"text-decoration: underline;\">Kosten 99 SEK<\/span><\/li>\n<li style=\"text-align: left;\"><strong>Safer:<\/strong> Wenn Sie weniger als 1 Woche vor dem Anreisedatum um 13.00 Uhr stornieren, werden 0% des Mietpreises berechnet. <span style=\"text-decoration: underline;\">Kosten 190 SEK <\/span> <\/li>\n<li style=\"text-align: left;\"><strong>Sicher:<\/strong> Wenn Sie mindestens 24 Stunden vor dem Anreisetag um 13:00 Uhr stornieren, werden 0% des Mietpreises berechnet. <span style=\"text-decoration: underline;\">Kosten SEK 245<\/span><\/li>\n<\/ul>\n<p style=\"text-align: left;\">Die R\u00fccktrittskosten werden nicht erstattet.<\/p>\n<p style=\"text-align: left;\">Eine nicht stornierte Buchung wird zu 100 % in Rechnung gestellt, unabh\u00e4ngig davon, ob Sie einen Stornierungsschutz erworben haben oder nicht. Die Buchung ist mit der Zusendung der Buchungsbest\u00e4tigung verbindlich.<\/p>\n<p>[\/et_pb_text][\/et_pb_column][\/et_pb_row][\/et_pb_section]<\/p>\n","protected":false},"excerpt":{"rendered":"<p>BedingungenDas Leben ist voller unerwarteter Ereignisse, und manchmal muss man seinen Aufenthalt absagen. Sie k\u00f6nnen dies per Telefon und E-Mail tun. Die Buchung gilt als storniert, wenn Sie von uns [&hellip;]<\/p>\n","protected":false},"author":1,"featured_media":0,"parent":0,"menu_order":0,"comment_status":"closed","ping_status":"closed","template":"","meta":{"_et_pb_use_builder":"on","_et_pb_old_content":"","_et_gb_content_width":"","footnotes":""},"class_list":["post-3025","page","type-page","status-publish","hentry"],"yoast_head":"<!-- This site is optimized with the Yoast SEO plugin v27.5 - https:\/\/yoast.com\/product\/yoast-seo-wordpress\/ -->\n<title>Bedingungen - B\u00e5stad Camping<\/title>\n<meta name=\"robots\" content=\"index, follow, max-snippet:-1, max-image-preview:large, max-video-preview:-1\" \/>\n<link rel=\"canonical\" href=\"https:\/\/www.bastadcamping.se\/de\/bedingungen\/\" \/>\n<meta property=\"og:locale\" content=\"de_DE\" \/>\n<meta property=\"og:type\" content=\"article\" \/>\n<meta property=\"og:title\" content=\"Bedingungen - B\u00e5stad Camping\" \/>\n<meta property=\"og:description\" content=\"BedingungenDas Leben ist voller unerwarteter Ereignisse, und manchmal muss man seinen Aufenthalt absagen. Sie k\u00f6nnen dies per Telefon und E-Mail tun. Die Buchung gilt als storniert, wenn Sie von uns [&hellip;]\" \/>\n<meta property=\"og:url\" content=\"https:\/\/www.bastadcamping.se\/de\/bedingungen\/\" \/>\n<meta property=\"og:site_name\" content=\"B\u00e5stad Camping\" \/>\n<meta property=\"article:publisher\" content=\"https:\/\/www.facebook.com\/BastadCamping\" \/>\n<meta property=\"article:modified_time\" content=\"2026-02-23T09:17:47+00:00\" \/>\n<meta name=\"twitter:card\" content=\"summary_large_image\" \/>\n<meta name=\"twitter:label1\" content=\"Gesch\u00e4tzte Lesezeit\" \/>\n\t<meta name=\"twitter:data1\" content=\"4\u00a0Minuten\" \/>\n<script type=\"application\/ld+json\" class=\"yoast-schema-graph\">{\"@context\":\"https:\\\/\\\/schema.org\",\"@graph\":[{\"@type\":\"WebPage\",\"@id\":\"https:\\\/\\\/www.bastadcamping.se\\\/de\\\/bedingungen\\\/\",\"url\":\"https:\\\/\\\/www.bastadcamping.se\\\/de\\\/bedingungen\\\/\",\"name\":\"Bedingungen - B\u00e5stad Camping\",\"isPartOf\":{\"@id\":\"https:\\\/\\\/www.bastadcamping.se\\\/de\\\/#website\"},\"datePublished\":\"2023-05-12T11:14:15+00:00\",\"dateModified\":\"2026-02-23T09:17:47+00:00\",\"breadcrumb\":{\"@id\":\"https:\\\/\\\/www.bastadcamping.se\\\/de\\\/bedingungen\\\/#breadcrumb\"},\"inLanguage\":\"de\",\"potentialAction\":[{\"@type\":\"ReadAction\",\"target\":[\"https:\\\/\\\/www.bastadcamping.se\\\/de\\\/bedingungen\\\/\"]}]},{\"@type\":\"BreadcrumbList\",\"@id\":\"https:\\\/\\\/www.bastadcamping.se\\\/de\\\/bedingungen\\\/#breadcrumb\",\"itemListElement\":[{\"@type\":\"ListItem\",\"position\":1,\"name\":\"Hem\",\"item\":\"https:\\\/\\\/www.bastadcamping.se\\\/de\\\/hem\\\/\"},{\"@type\":\"ListItem\",\"position\":2,\"name\":\"Bedingungen\"}]},{\"@type\":\"WebSite\",\"@id\":\"https:\\\/\\\/www.bastadcamping.se\\\/de\\\/#website\",\"url\":\"https:\\\/\\\/www.bastadcamping.se\\\/de\\\/\",\"name\":\"B\u00e5stad Camping\",\"description\":\"\",\"publisher\":{\"@id\":\"https:\\\/\\\/www.bastadcamping.se\\\/de\\\/#organization\"},\"potentialAction\":[{\"@type\":\"SearchAction\",\"target\":{\"@type\":\"EntryPoint\",\"urlTemplate\":\"https:\\\/\\\/www.bastadcamping.se\\\/de\\\/?s={search_term_string}\"},\"query-input\":{\"@type\":\"PropertyValueSpecification\",\"valueRequired\":true,\"valueName\":\"search_term_string\"}}],\"inLanguage\":\"de\"},{\"@type\":\"Organization\",\"@id\":\"https:\\\/\\\/www.bastadcamping.se\\\/de\\\/#organization\",\"name\":\"B\u00e5stad Camping\",\"url\":\"https:\\\/\\\/www.bastadcamping.se\\\/de\\\/\",\"logo\":{\"@type\":\"ImageObject\",\"inLanguage\":\"de\",\"@id\":\"https:\\\/\\\/www.bastadcamping.se\\\/de\\\/#\\\/schema\\\/logo\\\/image\\\/\",\"url\":\"https:\\\/\\\/www.bastadcamping.se\\\/wp-content\\\/uploads\\\/2023\\\/05\\\/cropped-Bastad-camping-symbol.jpg\",\"contentUrl\":\"https:\\\/\\\/www.bastadcamping.se\\\/wp-content\\\/uploads\\\/2023\\\/05\\\/cropped-Bastad-camping-symbol.jpg\",\"width\":512,\"height\":512,\"caption\":\"B\u00e5stad Camping\"},\"image\":{\"@id\":\"https:\\\/\\\/www.bastadcamping.se\\\/de\\\/#\\\/schema\\\/logo\\\/image\\\/\"},\"sameAs\":[\"https:\\\/\\\/www.facebook.com\\\/BastadCamping\",\"https:\\\/\\\/www.instagram.com\\\/bastadcamping\\\/\"]}]}<\/script>\n<!-- \/ Yoast SEO plugin. -->","yoast_head_json":{"title":"Bedingungen - B\u00e5stad Camping","robots":{"index":"index","follow":"follow","max-snippet":"max-snippet:-1","max-image-preview":"max-image-preview:large","max-video-preview":"max-video-preview:-1"},"canonical":"https:\/\/www.bastadcamping.se\/de\/bedingungen\/","og_locale":"de_DE","og_type":"article","og_title":"Bedingungen - B\u00e5stad Camping","og_description":"BedingungenDas Leben ist voller unerwarteter Ereignisse, und manchmal muss man seinen Aufenthalt absagen. Sie k\u00f6nnen dies per Telefon und E-Mail tun. Die Buchung gilt als storniert, wenn Sie von uns [&hellip;]","og_url":"https:\/\/www.bastadcamping.se\/de\/bedingungen\/","og_site_name":"B\u00e5stad Camping","article_publisher":"https:\/\/www.facebook.com\/BastadCamping","article_modified_time":"2026-02-23T09:17:47+00:00","twitter_card":"summary_large_image","twitter_misc":{"Gesch\u00e4tzte Lesezeit":"4\u00a0Minuten"},"schema":{"@context":"https:\/\/schema.org","@graph":[{"@type":"WebPage","@id":"https:\/\/www.bastadcamping.se\/de\/bedingungen\/","url":"https:\/\/www.bastadcamping.se\/de\/bedingungen\/","name":"Bedingungen - B\u00e5stad Camping","isPartOf":{"@id":"https:\/\/www.bastadcamping.se\/de\/#website"},"datePublished":"2023-05-12T11:14:15+00:00","dateModified":"2026-02-23T09:17:47+00:00","breadcrumb":{"@id":"https:\/\/www.bastadcamping.se\/de\/bedingungen\/#breadcrumb"},"inLanguage":"de","potentialAction":[{"@type":"ReadAction","target":["https:\/\/www.bastadcamping.se\/de\/bedingungen\/"]}]},{"@type":"BreadcrumbList","@id":"https:\/\/www.bastadcamping.se\/de\/bedingungen\/#breadcrumb","itemListElement":[{"@type":"ListItem","position":1,"name":"Hem","item":"https:\/\/www.bastadcamping.se\/de\/hem\/"},{"@type":"ListItem","position":2,"name":"Bedingungen"}]},{"@type":"WebSite","@id":"https:\/\/www.bastadcamping.se\/de\/#website","url":"https:\/\/www.bastadcamping.se\/de\/","name":"B\u00e5stad Camping","description":"","publisher":{"@id":"https:\/\/www.bastadcamping.se\/de\/#organization"},"potentialAction":[{"@type":"SearchAction","target":{"@type":"EntryPoint","urlTemplate":"https:\/\/www.bastadcamping.se\/de\/?s={search_term_string}"},"query-input":{"@type":"PropertyValueSpecification","valueRequired":true,"valueName":"search_term_string"}}],"inLanguage":"de"},{"@type":"Organization","@id":"https:\/\/www.bastadcamping.se\/de\/#organization","name":"B\u00e5stad Camping","url":"https:\/\/www.bastadcamping.se\/de\/","logo":{"@type":"ImageObject","inLanguage":"de","@id":"https:\/\/www.bastadcamping.se\/de\/#\/schema\/logo\/image\/","url":"https:\/\/www.bastadcamping.se\/wp-content\/uploads\/2023\/05\/cropped-Bastad-camping-symbol.jpg","contentUrl":"https:\/\/www.bastadcamping.se\/wp-content\/uploads\/2023\/05\/cropped-Bastad-camping-symbol.jpg","width":512,"height":512,"caption":"B\u00e5stad Camping"},"image":{"@id":"https:\/\/www.bastadcamping.se\/de\/#\/schema\/logo\/image\/"},"sameAs":["https:\/\/www.facebook.com\/BastadCamping","https:\/\/www.instagram.com\/bastadcamping\/"]}]}},"_links":{"self":[{"href":"https:\/\/www.bastadcamping.se\/de\/wp-json\/wp\/v2\/pages\/3025","targetHints":{"allow":["GET"]}}],"collection":[{"href":"https:\/\/www.bastadcamping.se\/de\/wp-json\/wp\/v2\/pages"}],"about":[{"href":"https:\/\/www.bastadcamping.se\/de\/wp-json\/wp\/v2\/types\/page"}],"author":[{"embeddable":true,"href":"https:\/\/www.bastadcamping.se\/de\/wp-json\/wp\/v2\/users\/1"}],"replies":[{"embeddable":true,"href":"https:\/\/www.bastadcamping.se\/de\/wp-json\/wp\/v2\/comments?post=3025"}],"version-history":[{"count":10,"href":"https:\/\/www.bastadcamping.se\/de\/wp-json\/wp\/v2\/pages\/3025\/revisions"}],"predecessor-version":[{"id":5193,"href":"https:\/\/www.bastadcamping.se\/de\/wp-json\/wp\/v2\/pages\/3025\/revisions\/5193"}],"wp:attachment":[{"href":"https:\/\/www.bastadcamping.se\/de\/wp-json\/wp\/v2\/media?parent=3025"}],"curies":[{"name":"wp","href":"https:\/\/api.w.org\/{rel}","templated":true}]}}