{"id":2956,"date":"2023-05-08T16:15:25","date_gmt":"2023-05-08T14:15:25","guid":{"rendered":"https:\/\/www.bastadcamping.se\/pizza-menue\/"},"modified":"2026-02-23T10:15:40","modified_gmt":"2026-02-23T09:15:40","slug":"pizza-menue","status":"publish","type":"page","link":"https:\/\/www.bastadcamping.se\/de\/pizza-menue\/","title":{"rendered":"Pizza-Men\u00fc"},"content":{"rendered":"<p>[et_pb_section fb_built=&#8220;1&#8243; module_id=&#8220;allacarte&#8220; _builder_version=&#8220;4.21.0&#8243; _module_preset=&#8220;default&#8220; background_color=&#8220;RGBA(255,255,255,0)&#8220; background_image=&#8220;https:\/\/www.bastadcamping.se\/wp-content\/uploads\/2023\/05\/Pizza-take-away.jpg&#8220; min_height=&#8220;60vh&#8220; custom_margin=&#8220;||||false|false&#8220; custom_margin_tablet=&#8220;-100px||||false|false&#8220; custom_margin_phone=&#8220;-100px||||false|false&#8220; custom_margin_last_edited=&#8220;on|phone&#8220; border_color_right=&#8220;#FFFFFF&#8220; border_color_left=&#8220;#FFFFFF&#8220; locked=&#8220;off&#8220; global_colors_info=&#8220;{}&#8220;][\/et_pb_section][et_pb_section fb_built=&#8220;1&#8243; module_id=&#8220;allacarte&#8220; _builder_version=&#8220;4.21.0&#8243; _module_preset=&#8220;default&#8220; background_color=&#8220;RGBA(255,255,255,0)&#8220; background_enable_image=&#8220;off&#8220; background_size=&#8220;custom&#8220; background_image_width=&#8220;60%&#8220; background_image_height=&#8220;0%&#8220; background_position=&#8220;top_center&#8220; background_vertical_offset=&#8220;20%&#8220; custom_margin=&#8220;||||false|false&#8220; custom_padding=&#8220;0px||10vh||false|false&#8220; border_color_right=&#8220;#FFFFFF&#8220; border_color_left=&#8220;#FFFFFF&#8220; locked=&#8220;off&#8220; global_colors_info=&#8220;{}&#8220;][et_pb_row custom_padding_last_edited=&#8220;on|desktop&#8220; _builder_version=&#8220;4.21.0&#8243; _module_preset=&#8220;default&#8220; background_color=&#8220;#FFFFFF&#8220; width_tablet=&#8220;&#8220; width_phone=&#8220;90%&#8220; width_last_edited=&#8220;on|phone&#8220; max_width=&#8220;1400px&#8220; custom_margin=&#8220;-10vh||||false|false&#8220; custom_margin_tablet=&#8220;-10vh||||false|false&#8220; custom_margin_phone=&#8220;0vh||||false|false&#8220; custom_margin_last_edited=&#8220;on|phone&#8220; custom_padding=&#8220;5vh|3vw|5vh|3vw|true|true&#8220; custom_padding_tablet=&#8220;3vh|4vw|3vh|4vw|false|true&#8220; custom_padding_phone=&#8220;3vh|0vw||0vw|false|true&#8220; locked=&#8220;off&#8220; global_colors_info=&#8220;{}&#8220;][et_pb_column type=&#8220;4_4&#8243; _builder_version=&#8220;4.18.0&#8243; _module_preset=&#8220;default&#8220; global_colors_info=&#8220;{}&#8220;][et_pb_text _builder_version=&#8220;4.21.0&#8243; _module_preset=&#8220;default&#8220; header_2_font=&#8220;Merriweather|900|||||||&#8220; header_2_text_align=&#8220;center&#8220; header_2_text_color=&#8220;#003462&#8243; header_2_font_size=&#8220;3vw&#8220; header_2_line_height=&#8220;1.3em&#8220; width=&#8220;80%&#8220; width_tablet=&#8220;80%&#8220; width_phone=&#8220;90%&#8220; width_last_edited=&#8220;on|desktop&#8220; module_alignment=&#8220;center&#8220; header_2_font_size_tablet=&#8220;40px&#8220; header_2_font_size_phone=&#8220;40px&#8220; header_2_font_size_last_edited=&#8220;on|desktop&#8220; locked=&#8220;off&#8220; global_colors_info=&#8220;{}&#8220;]<\/p>\n<h2>Neapolitanische Pizza<\/h2>\n<p>[\/et_pb_text][et_pb_text _builder_version=&#8220;4.21.0&#8243; _module_preset=&#8220;default&#8220; text_font=&#8220;Source Sans Pro||||||||&#8220; text_text_color=&#8220;#000000&#8243; text_font_size=&#8220;18px&#8220; text_line_height=&#8220;1.6em&#8220; header_3_text_color=&#8220;#000000&#8243; header_3_line_height=&#8220;1.6em&#8220; text_orientation=&#8220;center&#8220; width=&#8220;80%&#8220; width_tablet=&#8220;80%&#8220; width_phone=&#8220;90%&#8220; width_last_edited=&#8220;on|phone&#8220; module_alignment=&#8220;center&#8220; custom_margin=&#8220;30px||30px||true|false&#8220; global_colors_info=&#8220;{}&#8220;]<\/p>\n<h3>Dieses Jahr freuen wir uns, Ihnen in unserem Restaurant Torget neue Pizzen zu pr\u00e4sentieren! Gute und leckere Pizzen mit neapolitanischer Inspiration.   <\/h3>\n<p><span>Der Schwerpunkt liegt auf hochwertigen Zutaten und einem herzlichen Empfang.<\/span><\/p>\n<p><em>F\u00fcr besondere Anl\u00e4sse und Feiertage empfiehlt es sich, einen Tisch im Voraus zu reservieren, ebenso wie f\u00fcr gro\u00dfe Gruppen.<\/em><\/p>\n<p>[\/et_pb_text][\/et_pb_column][\/et_pb_row][et_pb_row admin_label=&#8220;Imbisse&#8220; _builder_version=&#8220;4.21.0&#8243; _module_preset=&#8220;default&#8220; background_color=&#8220;#003462&#8243; width_tablet=&#8220;&#8220; width_phone=&#8220;90%&#8220; width_last_edited=&#8220;on|phone&#8220; max_width=&#8220;1400px&#8220; custom_padding=&#8220;|2vw||2vw|false|true&#8220; locked=&#8220;off&#8220; global_colors_info=&#8220;{}&#8220;][et_pb_column type=&#8220;4_4&#8243; _builder_version=&#8220;4.21.0&#8243; _module_preset=&#8220;default&#8220; global_colors_info=&#8220;{}&#8220;][et_pb_text _builder_version=&#8220;4.21.0&#8243; _module_preset=&#8220;default&#8220; text_font=&#8220;Source Sans Pro||||||||&#8220; text_text_color=&#8220;#FFFFFF&#8220; text_font_size=&#8220;18px&#8220; text_line_height=&#8220;1.6em&#8220; header_2_font=&#8220;Merriweather|900|||||||&#8220; header_2_text_color=&#8220;#FFFFFF&#8220; header_2_font_size=&#8220;30px&#8220; header_3_text_color=&#8220;#FFFFFF&#8220; header_3_font_size=&#8220;21px&#8220; header_3_line_height=&#8220;1.4em&#8220; header_5_font=&#8220;Merriweather||||||||&#8220; header_5_text_color=&#8220;#FFFFFF&#8220; header_5_font_size=&#8220;27px&#8220; header_5_line_height=&#8220;1.8em&#8220; text_orientation=&#8220;center&#8220; width=&#8220;80%&#8220; width_tablet=&#8220;80%&#8220; width_phone=&#8220;90%&#8220; width_last_edited=&#8220;on|desktop&#8220; module_alignment=&#8220;center&#8220; custom_margin=&#8220;30px||30px||true|false&#8220; header_2_font_size_tablet=&#8220;30px&#8220; header_2_font_size_phone=&#8220;30px&#8220; header_2_font_size_last_edited=&#8220;on|desktop&#8220; border_width_bottom=&#8220;1px&#8220; border_color_bottom=&#8220;#AFCBE6&#8243; border_style_bottom=&#8220;dashed&#8220; locked=&#8220;off&#8220; global_colors_info=&#8220;{}&#8220;]<\/p>\n<h2>Margharita<\/h2>\n<h2><span style=\"font-size: medium;\">Tomatensauce, Mozzarella, frisches Basilikum<\/span><\/h2>\n<h5>149:-<\/h5>\n<p>[\/et_pb_text][et_pb_text _builder_version=&#8220;4.21.0&#8243; _module_preset=&#8220;default&#8220; text_font=&#8220;Source Sans Pro||||||||&#8220; text_text_color=&#8220;#FFFFFF&#8220; text_font_size=&#8220;18px&#8220; text_line_height=&#8220;1.6em&#8220; header_2_font=&#8220;Merriweather|900|||||||&#8220; header_2_text_color=&#8220;#FFFFFF&#8220; header_2_font_size=&#8220;30px&#8220; header_3_text_color=&#8220;#FFFFFF&#8220; header_3_font_size=&#8220;21px&#8220; header_3_line_height=&#8220;1.4em&#8220; header_5_font=&#8220;Merriweather||||||||&#8220; header_5_text_color=&#8220;#FFFFFF&#8220; header_5_font_size=&#8220;27px&#8220; header_5_line_height=&#8220;1.8em&#8220; text_orientation=&#8220;center&#8220; width=&#8220;80%&#8220; width_tablet=&#8220;80%&#8220; width_phone=&#8220;90%&#8220; width_last_edited=&#8220;on|desktop&#8220; module_alignment=&#8220;center&#8220; custom_margin=&#8220;30px||30px||true|false&#8220; header_2_font_size_tablet=&#8220;30px&#8220; header_2_font_size_phone=&#8220;30px&#8220; header_2_font_size_last_edited=&#8220;on|desktop&#8220; border_width_bottom=&#8220;1px&#8220; border_color_bottom=&#8220;#AFCBE6&#8243; border_style_bottom=&#8220;dashed&#8220; locked=&#8220;off&#8220; global_colors_info=&#8220;{}&#8220;]<\/p>\n<h2>Capricciosa<\/h2>\n<p>Gekochter Schinken, Champignons<\/p>\n<h5>159:-<\/h5>\n<p>[\/et_pb_text][et_pb_text _builder_version=&#8220;4.21.0&#8243; _module_preset=&#8220;default&#8220; text_font=&#8220;Source Sans Pro||||||||&#8220; text_text_color=&#8220;#FFFFFF&#8220; text_font_size=&#8220;18px&#8220; text_line_height=&#8220;1.6em&#8220; header_2_font=&#8220;Merriweather|900|||||||&#8220; header_2_text_color=&#8220;#FFFFFF&#8220; header_2_font_size=&#8220;30px&#8220; header_3_text_color=&#8220;#FFFFFF&#8220; header_3_font_size=&#8220;21px&#8220; header_3_line_height=&#8220;1.4em&#8220; header_5_font=&#8220;Merriweather||||||||&#8220; header_5_text_color=&#8220;#FFFFFF&#8220; header_5_font_size=&#8220;27px&#8220; header_5_line_height=&#8220;1.8em&#8220; text_orientation=&#8220;center&#8220; width=&#8220;80%&#8220; width_tablet=&#8220;80%&#8220; width_phone=&#8220;90%&#8220; width_last_edited=&#8220;on|desktop&#8220; module_alignment=&#8220;center&#8220; custom_margin=&#8220;30px||30px||true|false&#8220; header_2_font_size_tablet=&#8220;30px&#8220; header_2_font_size_phone=&#8220;30px&#8220; header_2_font_size_last_edited=&#8220;on|desktop&#8220; border_width_bottom=&#8220;1px&#8220; border_color_bottom=&#8220;#AFCBE6&#8243; border_style_bottom=&#8220;dashed&#8220; locked=&#8220;off&#8220; global_colors_info=&#8220;{}&#8220;]<\/p>\n<h2>Tartufo Salami<\/h2>\n<p><span>Salami Milano, Zwiebel, Rucola, Grana Padano, Tr\u00fcffelcreme<\/span> <\/p>\n<h5>159:-<\/h5>\n<p>[\/et_pb_text][et_pb_text _builder_version=&#8220;4.21.0&#8243; _module_preset=&#8220;default&#8220; text_font=&#8220;Source Sans Pro||||||||&#8220; text_text_color=&#8220;#FFFFFF&#8220; text_font_size=&#8220;18px&#8220; text_line_height=&#8220;1.6em&#8220; header_2_font=&#8220;Merriweather|900|||||||&#8220; header_2_text_color=&#8220;#FFFFFF&#8220; header_2_font_size=&#8220;30px&#8220; header_3_text_color=&#8220;#FFFFFF&#8220; header_3_font_size=&#8220;21px&#8220; header_3_line_height=&#8220;1.4em&#8220; header_5_font=&#8220;Merriweather||||||||&#8220; header_5_text_color=&#8220;#FFFFFF&#8220; header_5_font_size=&#8220;27px&#8220; header_5_line_height=&#8220;1.8em&#8220; text_orientation=&#8220;center&#8220; width=&#8220;80%&#8220; width_tablet=&#8220;80%&#8220; width_phone=&#8220;90%&#8220; width_last_edited=&#8220;on|desktop&#8220; module_alignment=&#8220;center&#8220; custom_margin=&#8220;30px||30px||true|false&#8220; header_2_font_size_tablet=&#8220;30px&#8220; header_2_font_size_phone=&#8220;30px&#8220; header_2_font_size_last_edited=&#8220;on|desktop&#8220; border_width_bottom=&#8220;1px&#8220; border_color_bottom=&#8220;#AFCBE6&#8243; border_style_bottom=&#8220;dashed&#8220; locked=&#8220;off&#8220; global_colors_info=&#8220;{}&#8220;]<\/p>\n<h2>Prusciutto<\/h2>\n<p><span>Prosciutto crudo, Zwiebel, Rucola, Pesto<\/span><\/p>\n<h5>169:-<\/h5>\n<p>[\/et_pb_text][et_pb_text _builder_version=&#8220;4.21.0&#8243; _module_preset=&#8220;default&#8220; text_font=&#8220;Source Sans Pro||||||||&#8220; text_text_color=&#8220;#FFFFFF&#8220; text_font_size=&#8220;18px&#8220; text_line_height=&#8220;1.6em&#8220; header_2_font=&#8220;Merriweather|900|||||||&#8220; header_2_text_color=&#8220;#FFFFFF&#8220; header_2_font_size=&#8220;30px&#8220; header_3_text_color=&#8220;#FFFFFF&#8220; header_3_font_size=&#8220;21px&#8220; header_3_line_height=&#8220;1.4em&#8220; header_5_font=&#8220;Merriweather||||||||&#8220; header_5_text_color=&#8220;#FFFFFF&#8220; header_5_font_size=&#8220;27px&#8220; header_5_line_height=&#8220;1.8em&#8220; text_orientation=&#8220;center&#8220; width=&#8220;80%&#8220; width_tablet=&#8220;80%&#8220; width_phone=&#8220;90%&#8220; width_last_edited=&#8220;on|desktop&#8220; module_alignment=&#8220;center&#8220; custom_margin=&#8220;30px||30px||true|false&#8220; header_2_font_size_tablet=&#8220;30px&#8220; header_2_font_size_phone=&#8220;30px&#8220; header_2_font_size_last_edited=&#8220;on|desktop&#8220; border_width_bottom=&#8220;1px&#8220; border_color_bottom=&#8220;#AFCBE6&#8243; border_style_bottom=&#8220;dashed&#8220; locked=&#8220;off&#8220; global_colors_info=&#8220;{}&#8220;]<\/p>\n<h2>Vegitariana<\/h2>\n<p><span>Zwiebeln, Champignons, Pesto, Kirschtomaten, Rucola<\/span><\/p>\n<h5>159:-<\/h5>\n<p>[\/et_pb_text][\/et_pb_column][\/et_pb_row][\/et_pb_section]<\/p>\n","protected":false},"excerpt":{"rendered":"<p>Neapolitanische PizzaDieses Jahr freuen wir uns, Ihnen in unserem Restaurant Torget neue Pizzen zu pr\u00e4sentieren! Gute und leckere Pizzen mit neapolitanischer Inspiration. Der Schwerpunkt liegt auf hochwertigen Zutaten und einem [&hellip;]<\/p>\n","protected":false},"author":1,"featured_media":0,"parent":0,"menu_order":0,"comment_status":"closed","ping_status":"closed","template":"","meta":{"_et_pb_use_builder":"on","_et_pb_old_content":"","_et_gb_content_width":"","footnotes":""},"class_list":["post-2956","page","type-page","status-publish","hentry"],"yoast_head":"<!-- This site is optimized with the Yoast SEO plugin v27.5 - https:\/\/yoast.com\/product\/yoast-seo-wordpress\/ -->\n<title>Pizza-Men\u00fc - B\u00e5stad Camping<\/title>\n<meta name=\"robots\" content=\"index, follow, max-snippet:-1, max-image-preview:large, max-video-preview:-1\" \/>\n<link rel=\"canonical\" href=\"https:\/\/www.bastadcamping.se\/de\/pizza-menue\/\" \/>\n<meta property=\"og:locale\" content=\"de_DE\" \/>\n<meta property=\"og:type\" content=\"article\" \/>\n<meta property=\"og:title\" content=\"Pizza-Men\u00fc - B\u00e5stad Camping\" \/>\n<meta property=\"og:description\" content=\"Neapolitanische PizzaDieses Jahr freuen wir uns, Ihnen in unserem Restaurant Torget neue Pizzen zu pr\u00e4sentieren! Gute und leckere Pizzen mit neapolitanischer Inspiration. Der Schwerpunkt liegt auf hochwertigen Zutaten und einem [&hellip;]\" \/>\n<meta property=\"og:url\" content=\"https:\/\/www.bastadcamping.se\/de\/pizza-menue\/\" \/>\n<meta property=\"og:site_name\" content=\"B\u00e5stad Camping\" \/>\n<meta property=\"article:publisher\" content=\"https:\/\/www.facebook.com\/BastadCamping\" \/>\n<meta property=\"article:modified_time\" content=\"2026-02-23T09:15:40+00:00\" \/>\n<meta name=\"twitter:card\" content=\"summary_large_image\" \/>\n<meta name=\"twitter:label1\" content=\"Gesch\u00e4tzte Lesezeit\" \/>\n\t<meta name=\"twitter:data1\" content=\"6\u00a0Minuten\" \/>\n<script type=\"application\/ld+json\" class=\"yoast-schema-graph\">{\"@context\":\"https:\\\/\\\/schema.org\",\"@graph\":[{\"@type\":\"WebPage\",\"@id\":\"https:\\\/\\\/www.bastadcamping.se\\\/de\\\/pizza-menue\\\/\",\"url\":\"https:\\\/\\\/www.bastadcamping.se\\\/de\\\/pizza-menue\\\/\",\"name\":\"Pizza-Men\u00fc - B\u00e5stad Camping\",\"isPartOf\":{\"@id\":\"https:\\\/\\\/www.bastadcamping.se\\\/de\\\/#website\"},\"datePublished\":\"2023-05-08T14:15:25+00:00\",\"dateModified\":\"2026-02-23T09:15:40+00:00\",\"breadcrumb\":{\"@id\":\"https:\\\/\\\/www.bastadcamping.se\\\/de\\\/pizza-menue\\\/#breadcrumb\"},\"inLanguage\":\"de\",\"potentialAction\":[{\"@type\":\"ReadAction\",\"target\":[\"https:\\\/\\\/www.bastadcamping.se\\\/de\\\/pizza-menue\\\/\"]}]},{\"@type\":\"BreadcrumbList\",\"@id\":\"https:\\\/\\\/www.bastadcamping.se\\\/de\\\/pizza-menue\\\/#breadcrumb\",\"itemListElement\":[{\"@type\":\"ListItem\",\"position\":1,\"name\":\"Hem\",\"item\":\"https:\\\/\\\/www.bastadcamping.se\\\/de\\\/hem\\\/\"},{\"@type\":\"ListItem\",\"position\":2,\"name\":\"Pizza-Men\u00fc\"}]},{\"@type\":\"WebSite\",\"@id\":\"https:\\\/\\\/www.bastadcamping.se\\\/de\\\/#website\",\"url\":\"https:\\\/\\\/www.bastadcamping.se\\\/de\\\/\",\"name\":\"B\u00e5stad Camping\",\"description\":\"\",\"publisher\":{\"@id\":\"https:\\\/\\\/www.bastadcamping.se\\\/de\\\/#organization\"},\"potentialAction\":[{\"@type\":\"SearchAction\",\"target\":{\"@type\":\"EntryPoint\",\"urlTemplate\":\"https:\\\/\\\/www.bastadcamping.se\\\/de\\\/?s={search_term_string}\"},\"query-input\":{\"@type\":\"PropertyValueSpecification\",\"valueRequired\":true,\"valueName\":\"search_term_string\"}}],\"inLanguage\":\"de\"},{\"@type\":\"Organization\",\"@id\":\"https:\\\/\\\/www.bastadcamping.se\\\/de\\\/#organization\",\"name\":\"B\u00e5stad Camping\",\"url\":\"https:\\\/\\\/www.bastadcamping.se\\\/de\\\/\",\"logo\":{\"@type\":\"ImageObject\",\"inLanguage\":\"de\",\"@id\":\"https:\\\/\\\/www.bastadcamping.se\\\/de\\\/#\\\/schema\\\/logo\\\/image\\\/\",\"url\":\"https:\\\/\\\/www.bastadcamping.se\\\/wp-content\\\/uploads\\\/2023\\\/05\\\/cropped-Bastad-camping-symbol.jpg\",\"contentUrl\":\"https:\\\/\\\/www.bastadcamping.se\\\/wp-content\\\/uploads\\\/2023\\\/05\\\/cropped-Bastad-camping-symbol.jpg\",\"width\":512,\"height\":512,\"caption\":\"B\u00e5stad Camping\"},\"image\":{\"@id\":\"https:\\\/\\\/www.bastadcamping.se\\\/de\\\/#\\\/schema\\\/logo\\\/image\\\/\"},\"sameAs\":[\"https:\\\/\\\/www.facebook.com\\\/BastadCamping\",\"https:\\\/\\\/www.instagram.com\\\/bastadcamping\\\/\"]}]}<\/script>\n<!-- \/ Yoast SEO plugin. -->","yoast_head_json":{"title":"Pizza-Men\u00fc - B\u00e5stad Camping","robots":{"index":"index","follow":"follow","max-snippet":"max-snippet:-1","max-image-preview":"max-image-preview:large","max-video-preview":"max-video-preview:-1"},"canonical":"https:\/\/www.bastadcamping.se\/de\/pizza-menue\/","og_locale":"de_DE","og_type":"article","og_title":"Pizza-Men\u00fc - B\u00e5stad Camping","og_description":"Neapolitanische PizzaDieses Jahr freuen wir uns, Ihnen in unserem Restaurant Torget neue Pizzen zu pr\u00e4sentieren! Gute und leckere Pizzen mit neapolitanischer Inspiration. Der Schwerpunkt liegt auf hochwertigen Zutaten und einem [&hellip;]","og_url":"https:\/\/www.bastadcamping.se\/de\/pizza-menue\/","og_site_name":"B\u00e5stad Camping","article_publisher":"https:\/\/www.facebook.com\/BastadCamping","article_modified_time":"2026-02-23T09:15:40+00:00","twitter_card":"summary_large_image","twitter_misc":{"Gesch\u00e4tzte Lesezeit":"6\u00a0Minuten"},"schema":{"@context":"https:\/\/schema.org","@graph":[{"@type":"WebPage","@id":"https:\/\/www.bastadcamping.se\/de\/pizza-menue\/","url":"https:\/\/www.bastadcamping.se\/de\/pizza-menue\/","name":"Pizza-Men\u00fc - B\u00e5stad Camping","isPartOf":{"@id":"https:\/\/www.bastadcamping.se\/de\/#website"},"datePublished":"2023-05-08T14:15:25+00:00","dateModified":"2026-02-23T09:15:40+00:00","breadcrumb":{"@id":"https:\/\/www.bastadcamping.se\/de\/pizza-menue\/#breadcrumb"},"inLanguage":"de","potentialAction":[{"@type":"ReadAction","target":["https:\/\/www.bastadcamping.se\/de\/pizza-menue\/"]}]},{"@type":"BreadcrumbList","@id":"https:\/\/www.bastadcamping.se\/de\/pizza-menue\/#breadcrumb","itemListElement":[{"@type":"ListItem","position":1,"name":"Hem","item":"https:\/\/www.bastadcamping.se\/de\/hem\/"},{"@type":"ListItem","position":2,"name":"Pizza-Men\u00fc"}]},{"@type":"WebSite","@id":"https:\/\/www.bastadcamping.se\/de\/#website","url":"https:\/\/www.bastadcamping.se\/de\/","name":"B\u00e5stad Camping","description":"","publisher":{"@id":"https:\/\/www.bastadcamping.se\/de\/#organization"},"potentialAction":[{"@type":"SearchAction","target":{"@type":"EntryPoint","urlTemplate":"https:\/\/www.bastadcamping.se\/de\/?s={search_term_string}"},"query-input":{"@type":"PropertyValueSpecification","valueRequired":true,"valueName":"search_term_string"}}],"inLanguage":"de"},{"@type":"Organization","@id":"https:\/\/www.bastadcamping.se\/de\/#organization","name":"B\u00e5stad Camping","url":"https:\/\/www.bastadcamping.se\/de\/","logo":{"@type":"ImageObject","inLanguage":"de","@id":"https:\/\/www.bastadcamping.se\/de\/#\/schema\/logo\/image\/","url":"https:\/\/www.bastadcamping.se\/wp-content\/uploads\/2023\/05\/cropped-Bastad-camping-symbol.jpg","contentUrl":"https:\/\/www.bastadcamping.se\/wp-content\/uploads\/2023\/05\/cropped-Bastad-camping-symbol.jpg","width":512,"height":512,"caption":"B\u00e5stad Camping"},"image":{"@id":"https:\/\/www.bastadcamping.se\/de\/#\/schema\/logo\/image\/"},"sameAs":["https:\/\/www.facebook.com\/BastadCamping","https:\/\/www.instagram.com\/bastadcamping\/"]}]}},"_links":{"self":[{"href":"https:\/\/www.bastadcamping.se\/de\/wp-json\/wp\/v2\/pages\/2956","targetHints":{"allow":["GET"]}}],"collection":[{"href":"https:\/\/www.bastadcamping.se\/de\/wp-json\/wp\/v2\/pages"}],"about":[{"href":"https:\/\/www.bastadcamping.se\/de\/wp-json\/wp\/v2\/types\/page"}],"author":[{"embeddable":true,"href":"https:\/\/www.bastadcamping.se\/de\/wp-json\/wp\/v2\/users\/1"}],"replies":[{"embeddable":true,"href":"https:\/\/www.bastadcamping.se\/de\/wp-json\/wp\/v2\/comments?post=2956"}],"version-history":[{"count":5,"href":"https:\/\/www.bastadcamping.se\/de\/wp-json\/wp\/v2\/pages\/2956\/revisions"}],"predecessor-version":[{"id":5140,"href":"https:\/\/www.bastadcamping.se\/de\/wp-json\/wp\/v2\/pages\/2956\/revisions\/5140"}],"wp:attachment":[{"href":"https:\/\/www.bastadcamping.se\/de\/wp-json\/wp\/v2\/media?parent=2956"}],"curies":[{"name":"wp","href":"https:\/\/api.w.org\/{rel}","templated":true}]}}