{"id":2814,"date":"2023-05-03T14:33:56","date_gmt":"2023-05-03T12:33:56","guid":{"rendered":"https:\/\/www.bastadcamping.se\/essen\/"},"modified":"2026-02-23T11:54:30","modified_gmt":"2026-02-23T10:54:30","slug":"essen","status":"publish","type":"page","link":"https:\/\/www.bastadcamping.se\/de\/essen\/","title":{"rendered":"Essen"},"content":{"rendered":"<p>[et_pb_section fb_built=&#8220;1&#8243; module_id=&#8220;allacarte&#8220; _builder_version=&#8220;4.21.0&#8243; _module_preset=&#8220;default&#8220; background_color=&#8220;#d3d3d3&#8243; background_image=&#8220;https:\/\/www.bastadcamping.se\/wp-content\/uploads\/2023\/05\/Screenshot-2020-02-19-at-17.35.57.png&#8220; min_height=&#8220;60vh&#8220; custom_margin=&#8220;||||false|false&#8220; custom_margin_tablet=&#8220;-100px||||false|false&#8220; custom_margin_phone=&#8220;-100px||||false|false&#8220; custom_margin_last_edited=&#8220;on|tablet&#8220; border_color_right=&#8220;#FFFFFF&#8220; border_color_left=&#8220;#FFFFFF&#8220; locked=&#8220;off&#8220; global_colors_info=&#8220;{}&#8220;][\/et_pb_section][et_pb_section fb_built=&#8220;1&#8243; custom_padding_last_edited=&#8220;on|desktop&#8220; module_id=&#8220;allacarte&#8220; _builder_version=&#8220;4.21.0&#8243; _module_preset=&#8220;default&#8220; background_color=&#8220;RGBA(255,255,255,0)&#8220; background_enable_image=&#8220;off&#8220; background_size=&#8220;custom&#8220; background_image_width=&#8220;60%&#8220; background_image_height=&#8220;0%&#8220; background_position=&#8220;top_center&#8220; background_vertical_offset=&#8220;20%&#8220; custom_margin=&#8220;||||false|false&#8220; custom_padding=&#8220;0px||6vh||false|false&#8220; custom_padding_tablet=&#8220;||6vh||false|false&#8220; custom_padding_phone=&#8220;||20px||false|false&#8220; border_color_right=&#8220;#FFFFFF&#8220; border_color_left=&#8220;#FFFFFF&#8220; locked=&#8220;off&#8220; global_colors_info=&#8220;{}&#8220;][et_pb_row custom_padding_last_edited=&#8220;on|desktop&#8220; _builder_version=&#8220;4.21.0&#8243; _module_preset=&#8220;default&#8220; background_color=&#8220;#FFFFFF&#8220; width_tablet=&#8220;&#8220; width_phone=&#8220;90%&#8220; width_last_edited=&#8220;on|phone&#8220; max_width=&#8220;1400px&#8220; custom_margin=&#8220;-10vh||||false|false&#8220; custom_margin_tablet=&#8220;-10vh||||false|false&#8220; custom_margin_phone=&#8220;0vh||||false|false&#8220; custom_margin_last_edited=&#8220;on|phone&#8220; custom_padding=&#8220;5vh|3vw|5vh|3vw|true|true&#8220; custom_padding_tablet=&#8220;3vh|4vw|3vh|4vw|false|true&#8220; custom_padding_phone=&#8220;3vh|0vw||0vw|false|true&#8220; locked=&#8220;off&#8220; global_colors_info=&#8220;{}&#8220;][et_pb_column type=&#8220;4_4&#8243; _builder_version=&#8220;4.18.0&#8243; _module_preset=&#8220;default&#8220; global_colors_info=&#8220;{}&#8220;][et_pb_text _builder_version=&#8220;4.21.0&#8243; _module_preset=&#8220;default&#8220; header_2_font=&#8220;Merriweather|900|||||||&#8220; header_2_text_align=&#8220;center&#8220; header_2_text_color=&#8220;#003462&#8243; header_2_font_size=&#8220;3vw&#8220; header_2_line_height=&#8220;1.3em&#8220; width=&#8220;80%&#8220; width_tablet=&#8220;80%&#8220; width_phone=&#8220;90%&#8220; width_last_edited=&#8220;on|phone&#8220; module_alignment=&#8220;center&#8220; header_2_font_size_tablet=&#8220;40px&#8220; header_2_font_size_phone=&#8220;40px&#8220; header_2_font_size_last_edited=&#8220;on|desktop&#8220; locked=&#8220;off&#8220; global_colors_info=&#8220;{}&#8220;]<\/p>\n<h2>Etwas zu essen f\u00fcr alle!<\/h2>\n<p>[\/et_pb_text][et_pb_text _builder_version=&#8220;4.21.0&#8243; _module_preset=&#8220;default&#8220; text_font=&#8220;Source Sans Pro||||||||&#8220; text_text_color=&#8220;#000000&#8243; text_font_size=&#8220;16px&#8220; text_line_height=&#8220;1.6em&#8220; header_3_text_color=&#8220;#000000&#8243; header_3_font_size=&#8220;21px&#8220; header_3_line_height=&#8220;1.6em&#8220; text_orientation=&#8220;center&#8220; width=&#8220;80%&#8220; width_tablet=&#8220;80%&#8220; width_phone=&#8220;90%&#8220; width_last_edited=&#8220;on|phone&#8220; module_alignment=&#8220;center&#8220; custom_margin=&#8220;30px||30px||true|false&#8220; global_colors_info=&#8220;{}&#8220;]<\/p>\n<h3 data-v-cc1cc58e=\"\">Wir sind der Meinung, dass das Essenserlebnis ein wichtiger Teil des gesamten Campingerlebnisses ist. Deshalb haben wir verschiedene Essensoptionen zur Verf\u00fcgung, wenn unsere M\u00e4gen knurren. Unser Restaurant Torget bietet eine gem\u00fctliche und familienfreundliche Atmosph\u00e4re. Die Speisekarte ist an die meisten Menschen angepasst und das Essen wird mit Liebe gekocht. Hier finden die meisten saisonalen Veranstaltungen statt und es ist das Herzst\u00fcck des Campingplatzes.  <\/h3>\n<h3 data-v-cc1cc58e=\"\"><\/h3>\n<h3 data-v-cc1cc58e=\"\">Neben unserem Restaurant haben wir auch einen Laden, in dem Sie immer etwas zu essen finden k\u00f6nnen. Sie finden hier alles, von frisch gebackenen Fr\u00fchst\u00fccksbr\u00f6tchen bis hin zu einer Vielzahl von Snacks, Lebensmitteln, Eis und Grillzubeh\u00f6r.  <\/h3>\n<h3 data-v-cc1cc58e=\"\">Wenn das Restaurant Torget geschlossen ist, bieten wir frisch gebackene Pizzen zum Mitnehmen an. Diese werden im Laden oder an der Rezeption bestellt und zu Ihnen gebracht.<\/h3>\n<p>[\/et_pb_text][\/et_pb_column][\/et_pb_row][et_pb_row column_structure=&#8220;1_3,1_3,1_3&#8243; use_custom_gutter=&#8220;on&#8220; gutter_width=&#8220;2&#8243; make_equal=&#8220;on&#8220; _builder_version=&#8220;4.21.0&#8243; width_tablet=&#8220;80%&#8220; width_phone=&#8220;90%&#8220; width_last_edited=&#8220;on|desktop&#8220; max_width=&#8220;1400px&#8220; custom_margin=&#8220;||0px||false|false&#8220; custom_padding=&#8220;20px||20px||true|false&#8220; animation_direction=&#8220;top&#8220; locked=&#8220;off&#8220; global_colors_info=&#8220;{}&#8220;][et_pb_column type=&#8220;1_3&#8243; _builder_version=&#8220;4.21.0&#8243; background_color=&#8220;#FFFFFF&#8220; box_shadow_style=&#8220;preset1&#8243; box_shadow_blur=&#8220;8px&#8220; global_colors_info=&#8220;{}&#8220; custom_padding__hover=&#8220;|||&#8220;][et_pb_image src=&#8220;https:\/\/www.bastadcamping.se\/wp-content\/uploads\/2023\/05\/img100-43.jpg&#8220; title_text=&#8220;img23-43&#8243; force_fullwidth=&#8220;on&#8220; align_tablet=&#8220;center&#8220; align_phone=&#8220;center&#8220; align_last_edited=&#8220;on|desktop&#8220; module_class=&#8220;pa-image-1-1&#8243; _builder_version=&#8220;4.21.0&#8243; custom_margin=&#8220;0px||0px||true|false&#8220; border_width_top=&#8220;10px&#8220; border_color_top=&#8220;#FFFFFF&#8220; border_width_right=&#8220;10px&#8220; border_color_right=&#8220;#FFFFFF&#8220; border_width_bottom=&#8220;10px&#8220; border_color_bottom=&#8220;#FFFFFF&#8220; border_width_left=&#8220;10px&#8220; border_color_left=&#8220;#FFFFFF&#8220; locked=&#8220;off&#8220; global_colors_info=&#8220;{}&#8220;][\/et_pb_image][et_pb_cta title=&#8220;Pizza zum Mitnehmen&#8220; button_url=&#8220;https:\/\/www.bastadcamping.se\/pizza\/&#8220; button_text=&#8220;Mehr lesen&#8220; _builder_version=&#8220;4.21.0&#8243; _module_preset=&#8220;default&#8220; header_font=&#8220;Merriweather|900|||||||&#8220; header_text_align=&#8220;center&#8220; header_text_color=&#8220;#003462&#8243; header_font_size=&#8220;30px&#8220; header_line_height=&#8220;1.3em&#8220; body_font=&#8220;Source Sans Pro||||||||&#8220; body_text_color=&#8220;#003462&#8243; body_font_size=&#8220;16px&#8220; body_line_height=&#8220;1.6em&#8220; background_color=&#8220;#FFFFFF&#8220; custom_button=&#8220;on&#8220; button_text_size=&#8220;15px&#8220; button_text_color=&#8220;#FFFFFF&#8220; button_bg_color=&#8220;#003462&#8243; button_border_width=&#8220;0px&#8220; button_border_radius=&#8220;50px&#8220; button_letter_spacing=&#8220;1px&#8220; button_font=&#8220;Source Sans Pro|600||on|||||&#8220; button_use_icon=&#8220;off&#8220; button_custom_padding=&#8220;|20px||20px|false|true&#8220; background_layout=&#8220;light&#8220; custom_margin=&#8220;0px||||false|false&#8220; custom_padding=&#8220;20px|2vw|40px|2vw|false|true&#8220; custom_padding_tablet=&#8220;20px|30px|40px|30px|false|true&#8220; custom_padding_phone=&#8220;25px|20px|40px|20px|false|true&#8220; custom_padding_last_edited=&#8220;on|desktop&#8220; link_option_url=&#8220;https:\/\/www.bastadcamping.se\/pizza\/&#8220; header_font_size_tablet=&#8220;30px&#8220; header_font_size_phone=&#8220;30px&#8220; header_font_size_last_edited=&#8220;on|phone&#8220; body_font_size_tablet=&#8220;16px&#8220; body_font_size_phone=&#8220;16px&#8220; body_font_size_last_edited=&#8220;on|desktop&#8220; global_colors_info=&#8220;{}&#8220; button_text_color__hover_enabled=&#8220;on|hover&#8220; button_text_color__hover=&#8220;#FFFFFF&#8220; button_letter_spacing__hover_enabled=&#8220;on|desktop&#8220; button_letter_spacing__hover=&#8220;2px&#8220; button_bg_color__hover_enabled=&#8220;on|desktop&#8220; button_bg_color__hover=&#8220;#AFCBE6&#8243;]<\/p>\n<p>Wenn der Markt geschlossen ist, bieten wir Steinofenpizzen zum Mitnehmen an. Im Shop bestellen und bei Ihnen abholen.<\/p>\n<p>[\/et_pb_cta][\/et_pb_column][et_pb_column type=&#8220;1_3&#8243; _builder_version=&#8220;4.18.0&#8243; background_color=&#8220;#FFFFFF&#8220; box_shadow_style=&#8220;preset1&#8243; box_shadow_blur=&#8220;8px&#8220; global_colors_info=&#8220;{}&#8220; custom_padding__hover=&#8220;|||&#8220;][et_pb_image src=&#8220;https:\/\/www.bastadcamping.se\/wp-content\/uploads\/2023\/05\/img38-31.jpg&#8220; title_text=&#8220;img38-31&#8243; force_fullwidth=&#8220;on&#8220; align_tablet=&#8220;center&#8220; align_phone=&#8220;center&#8220; align_last_edited=&#8220;on|desktop&#8220; module_class=&#8220;pa-image-1-1&#8243; _builder_version=&#8220;4.21.0&#8243; custom_margin=&#8220;0px||0px||true|false&#8220; border_width_top=&#8220;10px&#8220; border_color_top=&#8220;#FFFFFF&#8220; border_width_right=&#8220;10px&#8220; border_color_right=&#8220;#FFFFFF&#8220; border_width_bottom=&#8220;10px&#8220; border_color_bottom=&#8220;#FFFFFF&#8220; border_width_left=&#8220;10px&#8220; border_color_left=&#8220;#FFFFFF&#8220; locked=&#8220;off&#8220; global_colors_info=&#8220;{}&#8220;][\/et_pb_image][et_pb_cta title=&#8220;Servicegesch\u00e4ft&#8220; button_url=&#8220;https:\/\/www.bastadcamping.se\/de\/servicegeschaeft\/&#8220; button_text=&#8220;Mehr lesen&#8220; _builder_version=&#8220;4.21.0&#8243; _module_preset=&#8220;default&#8220; header_font=&#8220;Merriweather|900|||||||&#8220; header_text_align=&#8220;center&#8220; header_text_color=&#8220;#003462&#8243; header_font_size=&#8220;30px&#8220; header_line_height=&#8220;1.3em&#8220; body_font=&#8220;Source Sans Pro||||||||&#8220; body_text_color=&#8220;#003462&#8243; body_font_size=&#8220;16px&#8220; body_line_height=&#8220;1.6em&#8220; background_color=&#8220;#FFFFFF&#8220; custom_button=&#8220;on&#8220; button_text_size=&#8220;15px&#8220; button_text_color=&#8220;#FFFFFF&#8220; button_bg_color=&#8220;#003462&#8243; button_border_width=&#8220;0px&#8220; button_border_radius=&#8220;50px&#8220; button_letter_spacing=&#8220;1px&#8220; button_font=&#8220;Source Sans Pro|600||on|||||&#8220; button_use_icon=&#8220;off&#8220; button_custom_padding=&#8220;|20px||20px|false|true&#8220; background_layout=&#8220;light&#8220; custom_margin=&#8220;0px||||false|false&#8220; custom_padding=&#8220;20px|2vw|40px|2vw|false|true&#8220; custom_padding_tablet=&#8220;20px|30px|40px|30px|false|true&#8220; custom_padding_phone=&#8220;25px|20px|40px|20px|false|true&#8220; custom_padding_last_edited=&#8220;on|desktop&#8220; link_option_url=&#8220;https:\/\/www.bastadcamping.se\/de\/servicegeschaeft\/&#8220; header_font_size_tablet=&#8220;30px&#8220; header_font_size_phone=&#8220;30px&#8220; header_font_size_last_edited=&#8220;on|phone&#8220; body_font_size_tablet=&#8220;16px&#8220; body_font_size_phone=&#8220;16px&#8220; body_font_size_last_edited=&#8220;on|desktop&#8220; global_colors_info=&#8220;{}&#8220; button_text_color__hover=&#8220;#FFFFFF&#8220; button_text_color__hover_enabled=&#8220;on|hover&#8220; button_bg_color__hover=&#8220;#AFCBE6&#8243; button_bg_color__hover_enabled=&#8220;on|desktop&#8220; button_letter_spacing__hover=&#8220;2px&#8220; button_letter_spacing__hover_enabled=&#8220;on|desktop&#8220;]<\/p>\n<p>Vom Fr\u00fchst\u00fccksbr\u00f6tchen bis zum frisch gebackenen Kaffeebrot und verschiedenen Lebensmitteln. Hier k\u00f6nnen Sie auch abgepackte Fr\u00fchst\u00fcckst\u00fcten f\u00fcr den Morgen bestellen.  <\/p>\n<p>[\/et_pb_cta][\/et_pb_column][et_pb_column type=&#8220;1_3&#8243; _builder_version=&#8220;4.18.0&#8243; background_color=&#8220;#FFFFFF&#8220; box_shadow_style=&#8220;preset1&#8243; box_shadow_blur=&#8220;8px&#8220; global_colors_info=&#8220;{}&#8220; custom_padding__hover=&#8220;|||&#8220;][et_pb_image src=&#8220;https:\/\/www.bastadcamping.se\/wp-content\/uploads\/2023\/05\/img102-43.jpg&#8220; title_text=&#8220;img23-43&#8243; force_fullwidth=&#8220;on&#8220; align_tablet=&#8220;center&#8220; align_phone=&#8220;center&#8220; align_last_edited=&#8220;on|desktop&#8220; module_class=&#8220;pa-image-1-1&#8243; _builder_version=&#8220;4.21.0&#8243; custom_margin=&#8220;0px||0px||true|false&#8220; border_width_top=&#8220;10px&#8220; border_color_top=&#8220;#FFFFFF&#8220; border_width_right=&#8220;10px&#8220; border_color_right=&#8220;#FFFFFF&#8220; border_width_bottom=&#8220;10px&#8220; border_color_bottom=&#8220;#FFFFFF&#8220; border_width_left=&#8220;10px&#8220; border_color_left=&#8220;#FFFFFF&#8220; locked=&#8220;off&#8220; global_colors_info=&#8220;{}&#8220; header_font_size_tablet=&#8220;4vw&#8220; header_font_size_phone=&#8220;7vw&#8220; header_font_size_last_edited=&#8220;on|phone&#8220; button_text_color__hover=&#8220;#afcbe6&#8243; button_text_color__hover_enabled=&#8220;on|hover&#8220; button_bg_color__hover=&#8220;RGBA(255,255,255,0)&#8220; button_bg_color__hover_enabled=&#8220;on|desktop&#8220; button_letter_spacing__hover=&#8220;4px&#8220; button_letter_spacing__hover_enabled=&#8220;on|desktop&#8220;][\/et_pb_image][et_pb_cta title=&#8220;Restaurant Torget&#8220; button_url=&#8220;https:\/\/www.bastadcamping.se\/de\/restaurant-torget\/&#8220; button_text=&#8220;Mehr lesen&#8220; _builder_version=&#8220;4.21.0&#8243; _module_preset=&#8220;default&#8220; header_font=&#8220;Merriweather|900|||||||&#8220; header_text_align=&#8220;center&#8220; header_text_color=&#8220;#003462&#8243; header_font_size=&#8220;30px&#8220; header_line_height=&#8220;1.3em&#8220; body_font=&#8220;Source Sans Pro||||||||&#8220; body_text_color=&#8220;#003462&#8243; body_font_size=&#8220;16px&#8220; body_line_height=&#8220;1.6em&#8220; background_color=&#8220;#FFFFFF&#8220; custom_button=&#8220;on&#8220; button_text_size=&#8220;15px&#8220; button_text_color=&#8220;#FFFFFF&#8220; button_bg_color=&#8220;#003462&#8243; button_border_width=&#8220;0px&#8220; button_border_radius=&#8220;50px&#8220; button_letter_spacing=&#8220;1px&#8220; button_font=&#8220;Source Sans Pro|600||on|||||&#8220; button_use_icon=&#8220;off&#8220; button_custom_padding=&#8220;|20px||20px|false|true&#8220; background_layout=&#8220;light&#8220; custom_margin=&#8220;0px||||false|false&#8220; custom_padding=&#8220;20px|2vw|40px|2vw|false|true&#8220; custom_padding_tablet=&#8220;20px|30px|40px|30px|false|true&#8220; custom_padding_phone=&#8220;25px|20px|40px|20px|false|true&#8220; custom_padding_last_edited=&#8220;on|desktop&#8220; link_option_url=&#8220;https:\/\/www.bastadcamping.se\/de\/restaurant-torget\/&#8220; header_font_size_tablet=&#8220;30px&#8220; header_font_size_phone=&#8220;30px&#8220; header_font_size_last_edited=&#8220;on|phone&#8220; body_font_size_tablet=&#8220;16px&#8220; body_font_size_phone=&#8220;16px&#8220; body_font_size_last_edited=&#8220;on|desktop&#8220; global_colors_info=&#8220;{}&#8220; button_text_color__hover=&#8220;#FFFFFF&#8220; button_text_color__hover_enabled=&#8220;on|hover&#8220; button_bg_color__hover=&#8220;#AFCBE6&#8243; button_bg_color__hover_enabled=&#8220;on|desktop&#8220; button_letter_spacing__hover=&#8220;2px&#8220; button_letter_spacing__hover_enabled=&#8220;on|desktop&#8220;]<\/p>\n<p>Das Herz von B\u00e5stad Camping! Gutes Essen in einer angenehmen und familienfreundlichen Atmosph\u00e4re. Ein Men\u00fc f\u00fcr die meisten Menschen und Veranstaltungen, um die Atmosph\u00e4re zu verbessern.  <\/p>\n<p>[\/et_pb_cta][\/et_pb_column][\/et_pb_row][\/et_pb_section]<\/p>\n","protected":false},"excerpt":{"rendered":"<p>Etwas zu essen f\u00fcr alle!Wir sind der Meinung, dass das Essenserlebnis ein wichtiger Teil des gesamten Campingerlebnisses ist. Deshalb haben wir verschiedene Essensoptionen zur Verf\u00fcgung, wenn unsere M\u00e4gen knurren. Unser [&hellip;]<\/p>\n","protected":false},"author":1,"featured_media":0,"parent":0,"menu_order":0,"comment_status":"closed","ping_status":"closed","template":"","meta":{"_et_pb_use_builder":"on","_et_pb_old_content":"","_et_gb_content_width":"","footnotes":""},"class_list":["post-2814","page","type-page","status-publish","hentry"],"yoast_head":"<!-- This site is optimized with the Yoast SEO plugin v27.5 - https:\/\/yoast.com\/product\/yoast-seo-wordpress\/ -->\n<title>Hier gibt es f\u00fcr jeden etwas zu essen!<\/title>\n<meta name=\"description\" content=\"Suchen Sie etwas zu essen? Das Restaurant bietet gut zubereitete Speisen, und im Service-Shop k\u00f6nnen Sie Pizzen zum Mitnehmen bestellen.\" \/>\n<meta name=\"robots\" content=\"index, follow, max-snippet:-1, max-image-preview:large, max-video-preview:-1\" \/>\n<link rel=\"canonical\" href=\"https:\/\/www.bastadcamping.se\/de\/essen\/\" \/>\n<meta property=\"og:locale\" content=\"de_DE\" \/>\n<meta property=\"og:type\" content=\"article\" \/>\n<meta property=\"og:title\" content=\"Hier gibt es f\u00fcr jeden etwas zu essen!\" \/>\n<meta property=\"og:description\" content=\"Suchen Sie etwas zu essen? Das Restaurant bietet gut zubereitete Speisen, und im Service-Shop k\u00f6nnen Sie Pizzen zum Mitnehmen bestellen.\" \/>\n<meta property=\"og:url\" content=\"https:\/\/www.bastadcamping.se\/de\/essen\/\" \/>\n<meta property=\"og:site_name\" content=\"B\u00e5stad Camping\" \/>\n<meta property=\"article:publisher\" content=\"https:\/\/www.facebook.com\/BastadCamping\" \/>\n<meta property=\"article:modified_time\" content=\"2026-02-23T10:54:30+00:00\" \/>\n<meta name=\"twitter:card\" content=\"summary_large_image\" \/>\n<meta name=\"twitter:label1\" content=\"Gesch\u00e4tzte Lesezeit\" \/>\n\t<meta name=\"twitter:data1\" content=\"9\u00a0Minuten\" \/>\n<script type=\"application\/ld+json\" class=\"yoast-schema-graph\">{\"@context\":\"https:\\\/\\\/schema.org\",\"@graph\":[{\"@type\":\"WebPage\",\"@id\":\"https:\\\/\\\/www.bastadcamping.se\\\/de\\\/essen\\\/\",\"url\":\"https:\\\/\\\/www.bastadcamping.se\\\/de\\\/essen\\\/\",\"name\":\"Hier gibt es f\u00fcr jeden etwas zu essen!\",\"isPartOf\":{\"@id\":\"https:\\\/\\\/www.bastadcamping.se\\\/de\\\/#website\"},\"datePublished\":\"2023-05-03T12:33:56+00:00\",\"dateModified\":\"2026-02-23T10:54:30+00:00\",\"description\":\"Suchen Sie etwas zu essen? Das Restaurant bietet gut zubereitete Speisen, und im Service-Shop k\u00f6nnen Sie Pizzen zum Mitnehmen bestellen.\",\"breadcrumb\":{\"@id\":\"https:\\\/\\\/www.bastadcamping.se\\\/de\\\/essen\\\/#breadcrumb\"},\"inLanguage\":\"de\",\"potentialAction\":[{\"@type\":\"ReadAction\",\"target\":[\"https:\\\/\\\/www.bastadcamping.se\\\/de\\\/essen\\\/\"]}]},{\"@type\":\"BreadcrumbList\",\"@id\":\"https:\\\/\\\/www.bastadcamping.se\\\/de\\\/essen\\\/#breadcrumb\",\"itemListElement\":[{\"@type\":\"ListItem\",\"position\":1,\"name\":\"Hem\",\"item\":\"https:\\\/\\\/www.bastadcamping.se\\\/de\\\/hem\\\/\"},{\"@type\":\"ListItem\",\"position\":2,\"name\":\"Essen\"}]},{\"@type\":\"WebSite\",\"@id\":\"https:\\\/\\\/www.bastadcamping.se\\\/de\\\/#website\",\"url\":\"https:\\\/\\\/www.bastadcamping.se\\\/de\\\/\",\"name\":\"B\u00e5stad Camping\",\"description\":\"\",\"publisher\":{\"@id\":\"https:\\\/\\\/www.bastadcamping.se\\\/de\\\/#organization\"},\"potentialAction\":[{\"@type\":\"SearchAction\",\"target\":{\"@type\":\"EntryPoint\",\"urlTemplate\":\"https:\\\/\\\/www.bastadcamping.se\\\/de\\\/?s={search_term_string}\"},\"query-input\":{\"@type\":\"PropertyValueSpecification\",\"valueRequired\":true,\"valueName\":\"search_term_string\"}}],\"inLanguage\":\"de\"},{\"@type\":\"Organization\",\"@id\":\"https:\\\/\\\/www.bastadcamping.se\\\/de\\\/#organization\",\"name\":\"B\u00e5stad Camping\",\"url\":\"https:\\\/\\\/www.bastadcamping.se\\\/de\\\/\",\"logo\":{\"@type\":\"ImageObject\",\"inLanguage\":\"de\",\"@id\":\"https:\\\/\\\/www.bastadcamping.se\\\/de\\\/#\\\/schema\\\/logo\\\/image\\\/\",\"url\":\"https:\\\/\\\/www.bastadcamping.se\\\/wp-content\\\/uploads\\\/2023\\\/05\\\/cropped-Bastad-camping-symbol.jpg\",\"contentUrl\":\"https:\\\/\\\/www.bastadcamping.se\\\/wp-content\\\/uploads\\\/2023\\\/05\\\/cropped-Bastad-camping-symbol.jpg\",\"width\":512,\"height\":512,\"caption\":\"B\u00e5stad Camping\"},\"image\":{\"@id\":\"https:\\\/\\\/www.bastadcamping.se\\\/de\\\/#\\\/schema\\\/logo\\\/image\\\/\"},\"sameAs\":[\"https:\\\/\\\/www.facebook.com\\\/BastadCamping\",\"https:\\\/\\\/www.instagram.com\\\/bastadcamping\\\/\"]}]}<\/script>\n<!-- \/ Yoast SEO plugin. -->","yoast_head_json":{"title":"Hier gibt es f\u00fcr jeden etwas zu essen!","description":"Suchen Sie etwas zu essen? Das Restaurant bietet gut zubereitete Speisen, und im Service-Shop k\u00f6nnen Sie Pizzen zum Mitnehmen bestellen.","robots":{"index":"index","follow":"follow","max-snippet":"max-snippet:-1","max-image-preview":"max-image-preview:large","max-video-preview":"max-video-preview:-1"},"canonical":"https:\/\/www.bastadcamping.se\/de\/essen\/","og_locale":"de_DE","og_type":"article","og_title":"Hier gibt es f\u00fcr jeden etwas zu essen!","og_description":"Suchen Sie etwas zu essen? Das Restaurant bietet gut zubereitete Speisen, und im Service-Shop k\u00f6nnen Sie Pizzen zum Mitnehmen bestellen.","og_url":"https:\/\/www.bastadcamping.se\/de\/essen\/","og_site_name":"B\u00e5stad Camping","article_publisher":"https:\/\/www.facebook.com\/BastadCamping","article_modified_time":"2026-02-23T10:54:30+00:00","twitter_card":"summary_large_image","twitter_misc":{"Gesch\u00e4tzte Lesezeit":"9\u00a0Minuten"},"schema":{"@context":"https:\/\/schema.org","@graph":[{"@type":"WebPage","@id":"https:\/\/www.bastadcamping.se\/de\/essen\/","url":"https:\/\/www.bastadcamping.se\/de\/essen\/","name":"Hier gibt es f\u00fcr jeden etwas zu essen!","isPartOf":{"@id":"https:\/\/www.bastadcamping.se\/de\/#website"},"datePublished":"2023-05-03T12:33:56+00:00","dateModified":"2026-02-23T10:54:30+00:00","description":"Suchen Sie etwas zu essen? Das Restaurant bietet gut zubereitete Speisen, und im Service-Shop k\u00f6nnen Sie Pizzen zum Mitnehmen bestellen.","breadcrumb":{"@id":"https:\/\/www.bastadcamping.se\/de\/essen\/#breadcrumb"},"inLanguage":"de","potentialAction":[{"@type":"ReadAction","target":["https:\/\/www.bastadcamping.se\/de\/essen\/"]}]},{"@type":"BreadcrumbList","@id":"https:\/\/www.bastadcamping.se\/de\/essen\/#breadcrumb","itemListElement":[{"@type":"ListItem","position":1,"name":"Hem","item":"https:\/\/www.bastadcamping.se\/de\/hem\/"},{"@type":"ListItem","position":2,"name":"Essen"}]},{"@type":"WebSite","@id":"https:\/\/www.bastadcamping.se\/de\/#website","url":"https:\/\/www.bastadcamping.se\/de\/","name":"B\u00e5stad Camping","description":"","publisher":{"@id":"https:\/\/www.bastadcamping.se\/de\/#organization"},"potentialAction":[{"@type":"SearchAction","target":{"@type":"EntryPoint","urlTemplate":"https:\/\/www.bastadcamping.se\/de\/?s={search_term_string}"},"query-input":{"@type":"PropertyValueSpecification","valueRequired":true,"valueName":"search_term_string"}}],"inLanguage":"de"},{"@type":"Organization","@id":"https:\/\/www.bastadcamping.se\/de\/#organization","name":"B\u00e5stad Camping","url":"https:\/\/www.bastadcamping.se\/de\/","logo":{"@type":"ImageObject","inLanguage":"de","@id":"https:\/\/www.bastadcamping.se\/de\/#\/schema\/logo\/image\/","url":"https:\/\/www.bastadcamping.se\/wp-content\/uploads\/2023\/05\/cropped-Bastad-camping-symbol.jpg","contentUrl":"https:\/\/www.bastadcamping.se\/wp-content\/uploads\/2023\/05\/cropped-Bastad-camping-symbol.jpg","width":512,"height":512,"caption":"B\u00e5stad Camping"},"image":{"@id":"https:\/\/www.bastadcamping.se\/de\/#\/schema\/logo\/image\/"},"sameAs":["https:\/\/www.facebook.com\/BastadCamping","https:\/\/www.instagram.com\/bastadcamping\/"]}]}},"_links":{"self":[{"href":"https:\/\/www.bastadcamping.se\/de\/wp-json\/wp\/v2\/pages\/2814","targetHints":{"allow":["GET"]}}],"collection":[{"href":"https:\/\/www.bastadcamping.se\/de\/wp-json\/wp\/v2\/pages"}],"about":[{"href":"https:\/\/www.bastadcamping.se\/de\/wp-json\/wp\/v2\/types\/page"}],"author":[{"embeddable":true,"href":"https:\/\/www.bastadcamping.se\/de\/wp-json\/wp\/v2\/users\/1"}],"replies":[{"embeddable":true,"href":"https:\/\/www.bastadcamping.se\/de\/wp-json\/wp\/v2\/comments?post=2814"}],"version-history":[{"count":18,"href":"https:\/\/www.bastadcamping.se\/de\/wp-json\/wp\/v2\/pages\/2814\/revisions"}],"predecessor-version":[{"id":5596,"href":"https:\/\/www.bastadcamping.se\/de\/wp-json\/wp\/v2\/pages\/2814\/revisions\/5596"}],"wp:attachment":[{"href":"https:\/\/www.bastadcamping.se\/de\/wp-json\/wp\/v2\/media?parent=2814"}],"curies":[{"name":"wp","href":"https:\/\/api.w.org\/{rel}","templated":true}]}}