{"id":2792,"date":"2023-05-01T09:07:26","date_gmt":"2023-05-01T07:07:26","guid":{"rendered":"https:\/\/www.bastadcamping.se\/beispielseite\/"},"modified":"2023-08-08T11:39:51","modified_gmt":"2023-08-08T09:39:51","slug":"beispielseite","status":"publish","type":"page","link":"https:\/\/www.bastadcamping.se\/de\/beispielseite\/","title":{"rendered":"Beispielseite"},"content":{"rendered":"\n<p>Dies ist eine Beispielseite. Der Unterschied zu einem Blog-Post besteht darin, dass er an einem Ort verbleibt und in der Navigation Ihrer Website angezeigt wird (in den meisten Themes). Die meisten Menschen beginnen mit einer \u00dcber-Seite, die sie potenziellen Besuchern der Website vorstellt. Sie k\u00f6nnte etwa so lauten:<\/p>\n\n<blockquote class=\"wp-block-quote is-layout-flow wp-block-quote-is-layout-flow\"><p>Hallo zusammen! Tags\u00fcber bin ich Fahrradkurier, nachts aufstrebender Schauspieler, und das hier ist meine Website. Ich lebe in Los Angeles, habe einen tollen Hund namens Jack, und ich mag Pi\u00f1a Coladas. (Und vom Regen erwischt zu werden.)<\/p><\/blockquote>\n\n<p>&#8230;oder etwas in dieser Art:<\/p>\n\n<blockquote class=\"wp-block-quote is-layout-flow wp-block-quote-is-layout-flow\"><p>Die XYZ Doohickey Company wurde 1971 gegr\u00fcndet und bietet seitdem qualitativ hochwertige Doohickeys f\u00fcr die \u00d6ffentlichkeit an. Das in Gotham City ans\u00e4ssige Unternehmen XYZ besch\u00e4ftigt mehr als 2.000 Mitarbeiter und leistet allerlei gro\u00dfartige Arbeit f\u00fcr die Gemeinde Gotham.<\/p><\/blockquote>\n\n<p>Als neuer WordPress-Benutzer sollten Sie zu <a href=\"http:\/\/dev.bastadcamping.se\/wp-admin\/\">Ihrem Dashboard<\/a> gehen, um diese Seite zu l\u00f6schen und neue Seiten f\u00fcr Ihre Inhalte zu erstellen. Viel Spa\u00df!<\/p>\n","protected":false},"excerpt":{"rendered":"<p>Dies ist eine Beispielseite. Der Unterschied zu einem Blog-Post besteht darin, dass er an einem Ort verbleibt und in der Navigation Ihrer Website angezeigt wird (in den meisten Themes). Die [&hellip;]<\/p>\n","protected":false},"author":1,"featured_media":0,"parent":0,"menu_order":0,"comment_status":"closed","ping_status":"open","template":"","meta":{"_et_pb_use_builder":"","_et_pb_old_content":"","_et_gb_content_width":"","footnotes":""},"class_list":["post-2792","page","type-page","status-publish","hentry"],"yoast_head":"<!-- This site is optimized with the Yoast SEO plugin v27.3 - https:\/\/yoast.com\/product\/yoast-seo-wordpress\/ -->\n<title>Beispielseite - B\u00e5stad Camping<\/title>\n<meta name=\"robots\" content=\"index, follow, max-snippet:-1, max-image-preview:large, max-video-preview:-1\" \/>\n<link rel=\"canonical\" href=\"https:\/\/www.bastadcamping.se\/de\/beispielseite\/\" \/>\n<meta property=\"og:locale\" content=\"de_DE\" \/>\n<meta property=\"og:type\" content=\"article\" \/>\n<meta property=\"og:title\" content=\"Beispielseite - B\u00e5stad Camping\" \/>\n<meta property=\"og:description\" content=\"Dies ist eine Beispielseite. Der Unterschied zu einem Blog-Post besteht darin, dass er an einem Ort verbleibt und in der Navigation Ihrer Website angezeigt wird (in den meisten Themes). Die [&hellip;]\" \/>\n<meta property=\"og:url\" content=\"https:\/\/www.bastadcamping.se\/de\/beispielseite\/\" \/>\n<meta property=\"og:site_name\" content=\"B\u00e5stad Camping\" \/>\n<meta property=\"article:publisher\" content=\"https:\/\/www.facebook.com\/BastadCamping\" \/>\n<meta property=\"article:modified_time\" content=\"2023-08-08T09:39:51+00:00\" \/>\n<meta name=\"twitter:card\" content=\"summary_large_image\" \/>\n<meta name=\"twitter:label1\" content=\"Gesch\u00e4tzte Lesezeit\" \/>\n\t<meta name=\"twitter:data1\" content=\"1\u00a0Minute\" \/>\n<script type=\"application\/ld+json\" class=\"yoast-schema-graph\">{\"@context\":\"https:\\\/\\\/schema.org\",\"@graph\":[{\"@type\":\"WebPage\",\"@id\":\"https:\\\/\\\/www.bastadcamping.se\\\/de\\\/beispielseite\\\/\",\"url\":\"https:\\\/\\\/www.bastadcamping.se\\\/de\\\/beispielseite\\\/\",\"name\":\"Beispielseite - B\u00e5stad Camping\",\"isPartOf\":{\"@id\":\"https:\\\/\\\/www.bastadcamping.se\\\/de\\\/#website\"},\"datePublished\":\"2023-05-01T07:07:26+00:00\",\"dateModified\":\"2023-08-08T09:39:51+00:00\",\"breadcrumb\":{\"@id\":\"https:\\\/\\\/www.bastadcamping.se\\\/de\\\/beispielseite\\\/#breadcrumb\"},\"inLanguage\":\"de\",\"potentialAction\":[{\"@type\":\"ReadAction\",\"target\":[\"https:\\\/\\\/www.bastadcamping.se\\\/de\\\/beispielseite\\\/\"]}]},{\"@type\":\"BreadcrumbList\",\"@id\":\"https:\\\/\\\/www.bastadcamping.se\\\/de\\\/beispielseite\\\/#breadcrumb\",\"itemListElement\":[{\"@type\":\"ListItem\",\"position\":1,\"name\":\"Hem\",\"item\":\"https:\\\/\\\/www.bastadcamping.se\\\/de\\\/hem\\\/\"},{\"@type\":\"ListItem\",\"position\":2,\"name\":\"Beispielseite\"}]},{\"@type\":\"WebSite\",\"@id\":\"https:\\\/\\\/www.bastadcamping.se\\\/de\\\/#website\",\"url\":\"https:\\\/\\\/www.bastadcamping.se\\\/de\\\/\",\"name\":\"B\u00e5stad Camping\",\"description\":\"\",\"publisher\":{\"@id\":\"https:\\\/\\\/www.bastadcamping.se\\\/de\\\/#organization\"},\"potentialAction\":[{\"@type\":\"SearchAction\",\"target\":{\"@type\":\"EntryPoint\",\"urlTemplate\":\"https:\\\/\\\/www.bastadcamping.se\\\/de\\\/?s={search_term_string}\"},\"query-input\":{\"@type\":\"PropertyValueSpecification\",\"valueRequired\":true,\"valueName\":\"search_term_string\"}}],\"inLanguage\":\"de\"},{\"@type\":\"Organization\",\"@id\":\"https:\\\/\\\/www.bastadcamping.se\\\/de\\\/#organization\",\"name\":\"B\u00e5stad Camping\",\"url\":\"https:\\\/\\\/www.bastadcamping.se\\\/de\\\/\",\"logo\":{\"@type\":\"ImageObject\",\"inLanguage\":\"de\",\"@id\":\"https:\\\/\\\/www.bastadcamping.se\\\/de\\\/#\\\/schema\\\/logo\\\/image\\\/\",\"url\":\"https:\\\/\\\/www.bastadcamping.se\\\/wp-content\\\/uploads\\\/2023\\\/05\\\/cropped-Bastad-camping-symbol.jpg\",\"contentUrl\":\"https:\\\/\\\/www.bastadcamping.se\\\/wp-content\\\/uploads\\\/2023\\\/05\\\/cropped-Bastad-camping-symbol.jpg\",\"width\":512,\"height\":512,\"caption\":\"B\u00e5stad Camping\"},\"image\":{\"@id\":\"https:\\\/\\\/www.bastadcamping.se\\\/de\\\/#\\\/schema\\\/logo\\\/image\\\/\"},\"sameAs\":[\"https:\\\/\\\/www.facebook.com\\\/BastadCamping\",\"https:\\\/\\\/www.instagram.com\\\/bastadcamping\\\/\"]}]}<\/script>\n<!-- \/ Yoast SEO plugin. -->","yoast_head_json":{"title":"Beispielseite - B\u00e5stad Camping","robots":{"index":"index","follow":"follow","max-snippet":"max-snippet:-1","max-image-preview":"max-image-preview:large","max-video-preview":"max-video-preview:-1"},"canonical":"https:\/\/www.bastadcamping.se\/de\/beispielseite\/","og_locale":"de_DE","og_type":"article","og_title":"Beispielseite - B\u00e5stad Camping","og_description":"Dies ist eine Beispielseite. Der Unterschied zu einem Blog-Post besteht darin, dass er an einem Ort verbleibt und in der Navigation Ihrer Website angezeigt wird (in den meisten Themes). Die [&hellip;]","og_url":"https:\/\/www.bastadcamping.se\/de\/beispielseite\/","og_site_name":"B\u00e5stad Camping","article_publisher":"https:\/\/www.facebook.com\/BastadCamping","article_modified_time":"2023-08-08T09:39:51+00:00","twitter_card":"summary_large_image","twitter_misc":{"Gesch\u00e4tzte Lesezeit":"1\u00a0Minute"},"schema":{"@context":"https:\/\/schema.org","@graph":[{"@type":"WebPage","@id":"https:\/\/www.bastadcamping.se\/de\/beispielseite\/","url":"https:\/\/www.bastadcamping.se\/de\/beispielseite\/","name":"Beispielseite - B\u00e5stad Camping","isPartOf":{"@id":"https:\/\/www.bastadcamping.se\/de\/#website"},"datePublished":"2023-05-01T07:07:26+00:00","dateModified":"2023-08-08T09:39:51+00:00","breadcrumb":{"@id":"https:\/\/www.bastadcamping.se\/de\/beispielseite\/#breadcrumb"},"inLanguage":"de","potentialAction":[{"@type":"ReadAction","target":["https:\/\/www.bastadcamping.se\/de\/beispielseite\/"]}]},{"@type":"BreadcrumbList","@id":"https:\/\/www.bastadcamping.se\/de\/beispielseite\/#breadcrumb","itemListElement":[{"@type":"ListItem","position":1,"name":"Hem","item":"https:\/\/www.bastadcamping.se\/de\/hem\/"},{"@type":"ListItem","position":2,"name":"Beispielseite"}]},{"@type":"WebSite","@id":"https:\/\/www.bastadcamping.se\/de\/#website","url":"https:\/\/www.bastadcamping.se\/de\/","name":"B\u00e5stad Camping","description":"","publisher":{"@id":"https:\/\/www.bastadcamping.se\/de\/#organization"},"potentialAction":[{"@type":"SearchAction","target":{"@type":"EntryPoint","urlTemplate":"https:\/\/www.bastadcamping.se\/de\/?s={search_term_string}"},"query-input":{"@type":"PropertyValueSpecification","valueRequired":true,"valueName":"search_term_string"}}],"inLanguage":"de"},{"@type":"Organization","@id":"https:\/\/www.bastadcamping.se\/de\/#organization","name":"B\u00e5stad Camping","url":"https:\/\/www.bastadcamping.se\/de\/","logo":{"@type":"ImageObject","inLanguage":"de","@id":"https:\/\/www.bastadcamping.se\/de\/#\/schema\/logo\/image\/","url":"https:\/\/www.bastadcamping.se\/wp-content\/uploads\/2023\/05\/cropped-Bastad-camping-symbol.jpg","contentUrl":"https:\/\/www.bastadcamping.se\/wp-content\/uploads\/2023\/05\/cropped-Bastad-camping-symbol.jpg","width":512,"height":512,"caption":"B\u00e5stad Camping"},"image":{"@id":"https:\/\/www.bastadcamping.se\/de\/#\/schema\/logo\/image\/"},"sameAs":["https:\/\/www.facebook.com\/BastadCamping","https:\/\/www.instagram.com\/bastadcamping\/"]}]}},"_links":{"self":[{"href":"https:\/\/www.bastadcamping.se\/de\/wp-json\/wp\/v2\/pages\/2792","targetHints":{"allow":["GET"]}}],"collection":[{"href":"https:\/\/www.bastadcamping.se\/de\/wp-json\/wp\/v2\/pages"}],"about":[{"href":"https:\/\/www.bastadcamping.se\/de\/wp-json\/wp\/v2\/types\/page"}],"author":[{"embeddable":true,"href":"https:\/\/www.bastadcamping.se\/de\/wp-json\/wp\/v2\/users\/1"}],"replies":[{"embeddable":true,"href":"https:\/\/www.bastadcamping.se\/de\/wp-json\/wp\/v2\/comments?post=2792"}],"version-history":[{"count":1,"href":"https:\/\/www.bastadcamping.se\/de\/wp-json\/wp\/v2\/pages\/2792\/revisions"}],"predecessor-version":[{"id":2796,"href":"https:\/\/www.bastadcamping.se\/de\/wp-json\/wp\/v2\/pages\/2792\/revisions\/2796"}],"wp:attachment":[{"href":"https:\/\/www.bastadcamping.se\/de\/wp-json\/wp\/v2\/media?parent=2792"}],"curies":[{"name":"wp","href":"https:\/\/api.w.org\/{rel}","templated":true}]}}